{"id":126,"date":"2023-02-04T15:29:57","date_gmt":"2023-02-04T15:29:57","guid":{"rendered":"http:\/\/tiertherapie-doehla.de\/?page_id=126"},"modified":"2026-01-26T20:05:39","modified_gmt":"2026-01-26T20:05:39","slug":"preise","status":"publish","type":"page","link":"http:\/\/tiertherapie-doehla.de\/?page_id=126","title":{"rendered":"Preise"},"content":{"rendered":"\t\t<div data-elementor-type=\"wp-page\" data-elementor-id=\"126\" class=\"elementor elementor-126\" data-elementor-post-type=\"page\">\n\t\t\t\t\t\t<section class=\"elementor-section elementor-top-section elementor-element elementor-element-88e9ace elementor-section-stretched elementor-section-boxed elementor-section-height-default elementor-section-height-default\" data-id=\"88e9ace\" data-element_type=\"section\" data-settings=\"{&quot;stretch_section&quot;:&quot;section-stretched&quot;}\">\n\t\t\t\t\t\t<div class=\"elementor-container elementor-column-gap-default\">\n\t\t\t\t\t<div class=\"elementor-column elementor-col-100 elementor-top-column elementor-element elementor-element-4d686bb\" data-id=\"4d686bb\" data-element_type=\"column\">\n\t\t\t<div class=\"elementor-widget-wrap elementor-element-populated\">\n\t\t\t\t\t\t<div class=\"elementor-element elementor-element-6f97fa8 elementor-widget elementor-widget-text-editor\" data-id=\"6f97fa8\" data-element_type=\"widget\" data-widget_type=\"text-editor.default\">\n\t\t\t\t<div class=\"elementor-widget-container\">\n\t\t\t\t\t\t\t\t\t<p>Bei der Erstbehandlung sind alle ben\u00f6tigten Behandlungsger\u00e4te inklusive. Die Folgebehandlungen dienen der Nachbehandlung der auff\u00e4lligen Strukturen aus der Erstbehandlung, auch hier sind alle ben\u00f6tigten Unterst\u00fctzungen durch Behandlungsger\u00e4te inklusive.\u00a0\u200b<\/p><p>Werden vereinbarte Termine weniger als 48h vor dem Termin abgesagt, erlaube ich mir, 50% der Behandlungskosten in Rechnung zu stellen.<\/p><p>Nicht abgesagte (vergessene) Termine, zu denen ich bereits angefahren bin, werden in voller H\u00f6he und zzgl. Fahrtkosten in Rechnung gestellt.<\/p><p>\u00a0<\/p><p>Hinweis: Die Abrechnung erfolgt nach \u00a7 19 Abs. 1 UStG ohne Umsatzsteuer (Kleinunternehmerregelung)<\/p><p>\u00a0<\/p>\t\t\t\t\t\t\t\t<\/div>\n\t\t\t\t<\/div>\n\t\t\t\t\t<\/div>\n\t\t<\/div>\n\t\t\t\t\t<\/div>\n\t\t<\/section>\n\t\t\t\t<section class=\"elementor-section elementor-top-section elementor-element elementor-element-a636c7e elementor-section-stretched elementor-section-boxed elementor-section-height-default elementor-section-height-default\" data-id=\"a636c7e\" data-element_type=\"section\" data-settings=\"{&quot;stretch_section&quot;:&quot;section-stretched&quot;}\">\n\t\t\t\t\t\t<div class=\"elementor-container elementor-column-gap-default\">\n\t\t\t\t\t<div class=\"elementor-column elementor-col-50 elementor-top-column elementor-element elementor-element-0be0693\" data-id=\"0be0693\" data-element_type=\"column\">\n\t\t\t<div class=\"elementor-widget-wrap elementor-element-populated\">\n\t\t\t\t\t\t<div class=\"elementor-element elementor-element-4f48309 elementor-widget elementor-widget-text-editor\" data-id=\"4f48309\" data-element_type=\"widget\" data-widget_type=\"text-editor.default\">\n\t\t\t\t<div class=\"elementor-widget-container\">\n\t\t\t\t\t\t\t\t\t<p><span style=\"text-decoration: underline;\"><strong>Preisliste Pferd zzgl. Fahrtkosten<\/strong><\/span><\/p><p>Erstbehandlung: 95\u20ac<\/p><p>Folgebehandlungen*: 85\u20ac<\/p><p>Lymphdrainage: 60\u20ac<\/p><p>Massage\/Wellness: 50\u20ac<\/p><p>Aromamassage: 60\u20ac<\/p><p>TENS: 25\u20ac<\/p><p>Taping: ab 20\u20ac (variiert je nach Materialverbrauch)<\/p><p>\u200b<\/p><p>*Vorangegangene Behandlung darf max. sechs Wochen her sein, danach wird wieder der Preis einer Erstbehandlung berechnet.<\/p>\t\t\t\t\t\t\t\t<\/div>\n\t\t\t\t<\/div>\n\t\t\t\t<div class=\"elementor-element elementor-element-0dc0d25 elementor-widget elementor-widget-spacer\" data-id=\"0dc0d25\" data-element_type=\"widget\" data-widget_type=\"spacer.default\">\n\t\t\t\t<div class=\"elementor-widget-container\">\n\t\t\t\t\t\t\t<div class=\"elementor-spacer\">\n\t\t\t<div class=\"elementor-spacer-inner\"><\/div>\n\t\t<\/div>\n\t\t\t\t\t\t<\/div>\n\t\t\t\t<\/div>\n\t\t\t\t\t<\/div>\n\t\t<\/div>\n\t\t\t\t<div class=\"elementor-column elementor-col-50 elementor-top-column elementor-element elementor-element-06f99b5\" data-id=\"06f99b5\" data-element_type=\"column\">\n\t\t\t<div class=\"elementor-widget-wrap elementor-element-populated\">\n\t\t\t\t\t\t<div class=\"elementor-element elementor-element-0612e18 elementor-widget elementor-widget-text-editor\" data-id=\"0612e18\" data-element_type=\"widget\" data-widget_type=\"text-editor.default\">\n\t\t\t\t<div class=\"elementor-widget-container\">\n\t\t\t\t\t\t\t\t\t<p><span style=\"text-decoration: underline;\"><strong>Preisliste Hund zzgl. Fahrtkosten<\/strong><\/span><\/p><p>Erstbehandlung: 50\u20ac<\/p><p>Folgebehandlungen*: 40\u20ac<\/p><p>Lymphdrainage: 35\u20ac<\/p><p>Massage\/Wellness: 30\u20ac<\/p><p>Aromamassage: 40\u20ac<\/p><p>TENS: 25\u20ac<\/p><p>\u00a0<\/p><p>\u200b<\/p><p>*Vorangegangene Behandlung darf max. sechs Wochen her sein, danach wird wieder der Preis einer Erstbehandlung berechnet.<\/p>\t\t\t\t\t\t\t\t<\/div>\n\t\t\t\t<\/div>\n\t\t\t\t<div class=\"elementor-element elementor-element-f87605f elementor-widget elementor-widget-spacer\" data-id=\"f87605f\" data-element_type=\"widget\" data-widget_type=\"spacer.default\">\n\t\t\t\t<div class=\"elementor-widget-container\">\n\t\t\t\t\t\t\t<div class=\"elementor-spacer\">\n\t\t\t<div class=\"elementor-spacer-inner\"><\/div>\n\t\t<\/div>\n\t\t\t\t\t\t<\/div>\n\t\t\t\t<\/div>\n\t\t\t\t\t<\/div>\n\t\t<\/div>\n\t\t\t\t\t<\/div>\n\t\t<\/section>\n\t\t\t\t<section class=\"elementor-section elementor-top-section elementor-element elementor-element-ff4b195 elementor-section-stretched elementor-section-boxed elementor-section-height-default elementor-section-height-default\" data-id=\"ff4b195\" data-element_type=\"section\" data-settings=\"{&quot;stretch_section&quot;:&quot;section-stretched&quot;}\">\n\t\t\t\t\t\t<div class=\"elementor-container elementor-column-gap-default\">\n\t\t\t\t\t<div class=\"elementor-column elementor-col-50 elementor-top-column elementor-element elementor-element-b1a5b08\" data-id=\"b1a5b08\" data-element_type=\"column\">\n\t\t\t<div class=\"elementor-widget-wrap elementor-element-populated\">\n\t\t\t\t\t\t<div class=\"elementor-element elementor-element-76784b9 elementor-widget elementor-widget-text-editor\" data-id=\"76784b9\" data-element_type=\"widget\" data-widget_type=\"text-editor.default\">\n\t\t\t\t<div class=\"elementor-widget-container\">\n\t\t\t\t\t\t\t\t\t<p><span style=\"text-decoration: underline;\"><strong>Andere Tierarten<\/strong><\/span><\/p><p>Behandlungen und Preise auf Anfrage.<\/p><p>\u00a0<\/p><p><span style=\"text-decoration: underline;\"><strong>Geschenkgutscheine<\/strong><\/span><\/p><p>Du m\u00f6chtest einem Tierbesitzer und seinem Vierbeiner eine Freude machen? Gutscheine sind bei mir erh\u00e4ltlich &#8211; bei Interesse sprich mich einfach an oder schreib mir eine Nachricht!<\/p><p>Betrag frei w\u00e4hlbar. G\u00fcltigkeit des Gutscheins ein Jahr ab Ausstellungsdatum.<\/p>\t\t\t\t\t\t\t\t<\/div>\n\t\t\t\t<\/div>\n\t\t\t\t\t<\/div>\n\t\t<\/div>\n\t\t\t\t<div class=\"elementor-column elementor-col-50 elementor-top-column elementor-element elementor-element-8a762b2\" data-id=\"8a762b2\" data-element_type=\"column\">\n\t\t\t<div class=\"elementor-widget-wrap elementor-element-populated\">\n\t\t\t\t\t\t<div class=\"elementor-element elementor-element-42e27dc elementor-widget elementor-widget-text-editor\" data-id=\"42e27dc\" data-element_type=\"widget\" data-widget_type=\"text-editor.default\">\n\t\t\t\t<div class=\"elementor-widget-container\">\n\t\t\t\t\t\t\t\t\t<p><span style=\"text-decoration: underline;\"><strong>Fahrtkosten<\/strong><\/span><\/p><p>\u200bDer Anfahrtspreis wird mit 0,50\u20ac pro gefahrenem Kilometer berechnet (Hin- und R\u00fcckfahrt). Startpunkt ist 78315 Radolfzell (Ortsteil Liggeringen), ich berechne die Kilometer mit Google Maps.<\/p><p>Bei Sammelterminen werden die Fahrtkosten nat\u00fcrlich gerecht auf die verschiedenen Kunden aufgeteilt!<\/p>\t\t\t\t\t\t\t\t<\/div>\n\t\t\t\t<\/div>\n\t\t\t\t\t<\/div>\n\t\t<\/div>\n\t\t\t\t\t<\/div>\n\t\t<\/section>\n\t\t\t\t<\/div>\n\t\t","protected":false},"excerpt":{"rendered":"<p>Bei der Erstbehandlung sind alle ben\u00f6tigten Behandlungsger\u00e4te inklusive. Die Folgebehandlungen dienen der Nachbehandlung der auff\u00e4lligen Strukturen aus der Erstbehandlung, auch hier sind alle ben\u00f6tigten Unterst\u00fctzungen durch Behandlungsger\u00e4te inklusive.\u00a0\u200b Werden vereinbarte Termine weniger als 48h vor dem Termin abgesagt, erlaube ich mir, 50% der Behandlungskosten in Rechnung zu stellen. Nicht abgesagte (vergessene) Termine, zu denen ich [&hellip;]<\/p>\n","protected":false},"author":1,"featured_media":0,"parent":0,"menu_order":0,"comment_status":"closed","ping_status":"closed","template":"","meta":{"footnotes":""},"class_list":["post-126","page","type-page","status-publish","hentry","post-preview"],"yoast_head":"<!-- This site is optimized with the Yoast SEO plugin v26.3 - https:\/\/yoast.com\/wordpress\/plugins\/seo\/ -->\n<title>Preise - Tiertherapie Alexandra D\u00f6hla<\/title>\n<meta name=\"robots\" content=\"index, follow, max-snippet:-1, max-image-preview:large, max-video-preview:-1\" \/>\n<link rel=\"canonical\" href=\"http:\/\/tiertherapie-doehla.de\/?page_id=126\" \/>\n<meta property=\"og:locale\" content=\"de_DE\" \/>\n<meta property=\"og:type\" content=\"article\" \/>\n<meta property=\"og:title\" content=\"Preise - Tiertherapie Alexandra D\u00f6hla\" \/>\n<meta property=\"og:description\" content=\"Bei der Erstbehandlung sind alle ben\u00f6tigten Behandlungsger\u00e4te inklusive. Die Folgebehandlungen dienen der Nachbehandlung der auff\u00e4lligen Strukturen aus der Erstbehandlung, auch hier sind alle ben\u00f6tigten Unterst\u00fctzungen durch Behandlungsger\u00e4te inklusive.\u00a0\u200b Werden vereinbarte Termine weniger als 48h vor dem Termin abgesagt, erlaube ich mir, 50% der Behandlungskosten in Rechnung zu stellen. Nicht abgesagte (vergessene) Termine, zu denen ich [&hellip;]\" \/>\n<meta property=\"og:url\" content=\"http:\/\/tiertherapie-doehla.de\/?page_id=126\" \/>\n<meta property=\"og:site_name\" content=\"Tiertherapie Alexandra D\u00f6hla\" \/>\n<meta property=\"article:modified_time\" content=\"2026-01-26T20:05:39+00:00\" \/>\n<meta property=\"og:image\" content=\"http:\/\/tiertherapie-doehla.de\/wp-content\/uploads\/2023\/02\/Logo-min.jpg\" \/>\n\t<meta property=\"og:image:width\" content=\"500\" \/>\n\t<meta property=\"og:image:height\" content=\"500\" \/>\n\t<meta property=\"og:image:type\" content=\"image\/jpeg\" \/>\n<meta name=\"twitter:card\" content=\"summary_large_image\" \/>\n<script type=\"application\/ld+json\" class=\"yoast-schema-graph\">{\"@context\":\"https:\/\/schema.org\",\"@graph\":[{\"@type\":\"WebPage\",\"@id\":\"http:\/\/tiertherapie-doehla.de\/?page_id=126\",\"url\":\"http:\/\/tiertherapie-doehla.de\/?page_id=126\",\"name\":\"Preise - Tiertherapie Alexandra D\u00f6hla\",\"isPartOf\":{\"@id\":\"http:\/\/tiertherapie-doehla.de\/#website\"},\"datePublished\":\"2023-02-04T15:29:57+00:00\",\"dateModified\":\"2026-01-26T20:05:39+00:00\",\"breadcrumb\":{\"@id\":\"http:\/\/tiertherapie-doehla.de\/?page_id=126#breadcrumb\"},\"inLanguage\":\"de\",\"potentialAction\":[{\"@type\":\"ReadAction\",\"target\":[\"http:\/\/tiertherapie-doehla.de\/?page_id=126\"]}]},{\"@type\":\"BreadcrumbList\",\"@id\":\"http:\/\/tiertherapie-doehla.de\/?page_id=126#breadcrumb\",\"itemListElement\":[{\"@type\":\"ListItem\",\"position\":1,\"name\":\"Startseite\",\"item\":\"http:\/\/tiertherapie-doehla.de\/\"},{\"@type\":\"ListItem\",\"position\":2,\"name\":\"Preise\"}]},{\"@type\":\"WebSite\",\"@id\":\"http:\/\/tiertherapie-doehla.de\/#website\",\"url\":\"http:\/\/tiertherapie-doehla.de\/\",\"name\":\"Tiertherapie Alexandra D\u00f6hla\",\"description\":\"Physiotherapie f\u00fcr Pferde und Hunde\",\"publisher\":{\"@id\":\"http:\/\/tiertherapie-doehla.de\/#\/schema\/person\/2664bc569e262b2f58c68a413d9a1004\"},\"potentialAction\":[{\"@type\":\"SearchAction\",\"target\":{\"@type\":\"EntryPoint\",\"urlTemplate\":\"http:\/\/tiertherapie-doehla.de\/?s={search_term_string}\"},\"query-input\":{\"@type\":\"PropertyValueSpecification\",\"valueRequired\":true,\"valueName\":\"search_term_string\"}}],\"inLanguage\":\"de\"},{\"@type\":[\"Person\",\"Organization\"],\"@id\":\"http:\/\/tiertherapie-doehla.de\/#\/schema\/person\/2664bc569e262b2f58c68a413d9a1004\",\"name\":\"admin\",\"image\":{\"@type\":\"ImageObject\",\"inLanguage\":\"de\",\"@id\":\"http:\/\/tiertherapie-doehla.de\/#\/schema\/person\/image\/\",\"url\":\"http:\/\/tiertherapie-doehla.de\/wp-content\/uploads\/2023\/02\/Logo-min-1.jpg\",\"contentUrl\":\"http:\/\/tiertherapie-doehla.de\/wp-content\/uploads\/2023\/02\/Logo-min-1.jpg\",\"width\":500,\"height\":500,\"caption\":\"admin\"},\"logo\":{\"@id\":\"http:\/\/tiertherapie-doehla.de\/#\/schema\/person\/image\/\"},\"sameAs\":[\"http:\/\/tiertherapie-doehla.de\"]}]}<\/script>\n<!-- \/ Yoast SEO plugin. -->","yoast_head_json":{"title":"Preise - Tiertherapie Alexandra D\u00f6hla","robots":{"index":"index","follow":"follow","max-snippet":"max-snippet:-1","max-image-preview":"max-image-preview:large","max-video-preview":"max-video-preview:-1"},"canonical":"http:\/\/tiertherapie-doehla.de\/?page_id=126","og_locale":"de_DE","og_type":"article","og_title":"Preise - Tiertherapie Alexandra D\u00f6hla","og_description":"Bei der Erstbehandlung sind alle ben\u00f6tigten Behandlungsger\u00e4te inklusive. Die Folgebehandlungen dienen der Nachbehandlung der auff\u00e4lligen Strukturen aus der Erstbehandlung, auch hier sind alle ben\u00f6tigten Unterst\u00fctzungen durch Behandlungsger\u00e4te inklusive.\u00a0\u200b Werden vereinbarte Termine weniger als 48h vor dem Termin abgesagt, erlaube ich mir, 50% der Behandlungskosten in Rechnung zu stellen. Nicht abgesagte (vergessene) Termine, zu denen ich [&hellip;]","og_url":"http:\/\/tiertherapie-doehla.de\/?page_id=126","og_site_name":"Tiertherapie Alexandra D\u00f6hla","article_modified_time":"2026-01-26T20:05:39+00:00","og_image":[{"width":500,"height":500,"url":"http:\/\/tiertherapie-doehla.de\/wp-content\/uploads\/2023\/02\/Logo-min.jpg","type":"image\/jpeg"}],"twitter_card":"summary_large_image","schema":{"@context":"https:\/\/schema.org","@graph":[{"@type":"WebPage","@id":"http:\/\/tiertherapie-doehla.de\/?page_id=126","url":"http:\/\/tiertherapie-doehla.de\/?page_id=126","name":"Preise - Tiertherapie Alexandra D\u00f6hla","isPartOf":{"@id":"http:\/\/tiertherapie-doehla.de\/#website"},"datePublished":"2023-02-04T15:29:57+00:00","dateModified":"2026-01-26T20:05:39+00:00","breadcrumb":{"@id":"http:\/\/tiertherapie-doehla.de\/?page_id=126#breadcrumb"},"inLanguage":"de","potentialAction":[{"@type":"ReadAction","target":["http:\/\/tiertherapie-doehla.de\/?page_id=126"]}]},{"@type":"BreadcrumbList","@id":"http:\/\/tiertherapie-doehla.de\/?page_id=126#breadcrumb","itemListElement":[{"@type":"ListItem","position":1,"name":"Startseite","item":"http:\/\/tiertherapie-doehla.de\/"},{"@type":"ListItem","position":2,"name":"Preise"}]},{"@type":"WebSite","@id":"http:\/\/tiertherapie-doehla.de\/#website","url":"http:\/\/tiertherapie-doehla.de\/","name":"Tiertherapie Alexandra D\u00f6hla","description":"Physiotherapie f\u00fcr Pferde und Hunde","publisher":{"@id":"http:\/\/tiertherapie-doehla.de\/#\/schema\/person\/2664bc569e262b2f58c68a413d9a1004"},"potentialAction":[{"@type":"SearchAction","target":{"@type":"EntryPoint","urlTemplate":"http:\/\/tiertherapie-doehla.de\/?s={search_term_string}"},"query-input":{"@type":"PropertyValueSpecification","valueRequired":true,"valueName":"search_term_string"}}],"inLanguage":"de"},{"@type":["Person","Organization"],"@id":"http:\/\/tiertherapie-doehla.de\/#\/schema\/person\/2664bc569e262b2f58c68a413d9a1004","name":"admin","image":{"@type":"ImageObject","inLanguage":"de","@id":"http:\/\/tiertherapie-doehla.de\/#\/schema\/person\/image\/","url":"http:\/\/tiertherapie-doehla.de\/wp-content\/uploads\/2023\/02\/Logo-min-1.jpg","contentUrl":"http:\/\/tiertherapie-doehla.de\/wp-content\/uploads\/2023\/02\/Logo-min-1.jpg","width":500,"height":500,"caption":"admin"},"logo":{"@id":"http:\/\/tiertherapie-doehla.de\/#\/schema\/person\/image\/"},"sameAs":["http:\/\/tiertherapie-doehla.de"]}]}},"_links":{"self":[{"href":"http:\/\/tiertherapie-doehla.de\/index.php?rest_route=\/wp\/v2\/pages\/126","targetHints":{"allow":["GET"]}}],"collection":[{"href":"http:\/\/tiertherapie-doehla.de\/index.php?rest_route=\/wp\/v2\/pages"}],"about":[{"href":"http:\/\/tiertherapie-doehla.de\/index.php?rest_route=\/wp\/v2\/types\/page"}],"author":[{"embeddable":true,"href":"http:\/\/tiertherapie-doehla.de\/index.php?rest_route=\/wp\/v2\/users\/1"}],"replies":[{"embeddable":true,"href":"http:\/\/tiertherapie-doehla.de\/index.php?rest_route=%2Fwp%2Fv2%2Fcomments&post=126"}],"version-history":[{"count":40,"href":"http:\/\/tiertherapie-doehla.de\/index.php?rest_route=\/wp\/v2\/pages\/126\/revisions"}],"predecessor-version":[{"id":957,"href":"http:\/\/tiertherapie-doehla.de\/index.php?rest_route=\/wp\/v2\/pages\/126\/revisions\/957"}],"wp:attachment":[{"href":"http:\/\/tiertherapie-doehla.de\/index.php?rest_route=%2Fwp%2Fv2%2Fmedia&parent=126"}],"curies":[{"name":"wp","href":"https:\/\/api.w.org\/{rel}","templated":true}]}}