{"id":136,"date":"2023-02-04T15:36:43","date_gmt":"2023-02-04T15:36:43","guid":{"rendered":"http:\/\/tiertherapie-doehla.de\/?page_id=136"},"modified":"2023-05-11T12:41:55","modified_gmt":"2023-05-11T12:41:55","slug":"massage","status":"publish","type":"page","link":"http:\/\/tiertherapie-doehla.de\/?page_id=136","title":{"rendered":"Massage"},"content":{"rendered":"\t\t<div data-elementor-type=\"wp-page\" data-elementor-id=\"136\" class=\"elementor elementor-136\" data-elementor-post-type=\"page\">\n\t\t\t\t\t\t<section class=\"elementor-section elementor-top-section elementor-element elementor-element-cebcfca elementor-section-stretched elementor-section-boxed elementor-section-height-default elementor-section-height-default\" data-id=\"cebcfca\" data-element_type=\"section\" data-settings=\"{&quot;stretch_section&quot;:&quot;section-stretched&quot;}\">\n\t\t\t\t\t\t<div class=\"elementor-container elementor-column-gap-default\">\n\t\t\t\t\t<div class=\"elementor-column elementor-col-50 elementor-top-column elementor-element elementor-element-e91346b\" data-id=\"e91346b\" data-element_type=\"column\">\n\t\t\t<div class=\"elementor-widget-wrap elementor-element-populated\">\n\t\t\t\t\t\t<div class=\"elementor-element elementor-element-d1cb945 elementor-widget elementor-widget-image\" data-id=\"d1cb945\" data-element_type=\"widget\" data-widget_type=\"image.default\">\n\t\t\t\t<div class=\"elementor-widget-container\">\n\t\t\t\t\t\t\t\t\t\t\t\t\t\t\t<img fetchpriority=\"high\" decoding=\"async\" width=\"676\" height=\"749\" src=\"https:\/\/tiertherapie-doehla.de\/wp-content\/uploads\/2023\/02\/IMG_20220916_200054_311-min-924x1024.jpg\" class=\"attachment-large size-large wp-image-112\" alt=\"\" srcset=\"https:\/\/tiertherapie-doehla.de\/wp-content\/uploads\/2023\/02\/IMG_20220916_200054_311-min-924x1024.jpg 924w, https:\/\/tiertherapie-doehla.de\/wp-content\/uploads\/2023\/02\/IMG_20220916_200054_311-min-271x300.jpg 271w, https:\/\/tiertherapie-doehla.de\/wp-content\/uploads\/2023\/02\/IMG_20220916_200054_311-min-768x852.jpg 768w, https:\/\/tiertherapie-doehla.de\/wp-content\/uploads\/2023\/02\/IMG_20220916_200054_311-min-1385x1536.jpg 1385w, https:\/\/tiertherapie-doehla.de\/wp-content\/uploads\/2023\/02\/IMG_20220916_200054_311-min-1847x2048.jpg 1847w, https:\/\/tiertherapie-doehla.de\/wp-content\/uploads\/2023\/02\/IMG_20220916_200054_311-min-676x750.jpg 676w\" sizes=\"(max-width: 676px) 100vw, 676px\" \/>\t\t\t\t\t\t\t\t\t\t\t\t\t\t\t<\/div>\n\t\t\t\t<\/div>\n\t\t\t\t\t<\/div>\n\t\t<\/div>\n\t\t\t\t<div class=\"elementor-column elementor-col-50 elementor-top-column elementor-element elementor-element-66a3fba\" data-id=\"66a3fba\" data-element_type=\"column\">\n\t\t\t<div class=\"elementor-widget-wrap elementor-element-populated\">\n\t\t\t\t\t\t<div class=\"elementor-element elementor-element-889d2fd elementor-widget elementor-widget-text-editor\" data-id=\"889d2fd\" data-element_type=\"widget\" data-widget_type=\"text-editor.default\">\n\t\t\t\t<div class=\"elementor-widget-container\">\n\t\t\t\t\t\t\t\t\t<p>Massagen k\u00f6nnen auf die Muskulatur und den Organismus sowohl entspannend als auch anregend wirken, je nach Art der Durchf\u00fchrung. Der Zellstoffwechsel wird angeregt, Verh\u00e4rtungen und Verklebungen der Muskeln und Faszien werden gel\u00f6st. Durch die Aussch\u00fcttung von Endorphinen werden \u00c4ngste und Schmerzen gelindert und das Tier erf\u00e4hrt nicht nur k\u00f6rperliche, sondern auch geistige Entspannung.<\/p><p>Bitte beachte, dass tiefe Grifftechniken danach auch immer Muskelkater verursachen, darum sollte dem Tier in den folgenden zwei Tagen nach der Massage etwas Ruhe geg\u00f6nnt werden. Man kann dem Muskelkater etwas vorbeugen, indem man nach der Behandlung ca. 15 min mit dem Tier spazieren geht, um das durch die Massage entstandene Laktat in den Muskeln abzubauen.\u00a0<\/p><p>Intensive Massagen wirken auch immer auf das Kreislaufsystem, deshalb behandle ich Tiere mit einem schwachen Kreislauf (z.B. alte und schwache Tiere) im Sommer nicht in der gr\u00f6\u00dften Mittagshitze, sondern lieber am fr\u00fchen Morgen oder am sp\u00e4teren Abend.<\/p>\t\t\t\t\t\t\t\t<\/div>\n\t\t\t\t<\/div>\n\t\t\t\t\t<\/div>\n\t\t<\/div>\n\t\t\t\t\t<\/div>\n\t\t<\/section>\n\t\t\t\t<\/div>\n\t\t","protected":false},"excerpt":{"rendered":"<p>Massagen k\u00f6nnen auf die Muskulatur und den Organismus sowohl entspannend als auch anregend wirken, je nach Art der Durchf\u00fchrung. Der Zellstoffwechsel wird angeregt, Verh\u00e4rtungen und Verklebungen der Muskeln und Faszien werden gel\u00f6st. Durch die Aussch\u00fcttung von Endorphinen werden \u00c4ngste und Schmerzen gelindert und das Tier erf\u00e4hrt nicht nur k\u00f6rperliche, sondern auch geistige Entspannung. Bitte beachte, [&hellip;]<\/p>\n","protected":false},"author":1,"featured_media":0,"parent":0,"menu_order":0,"comment_status":"closed","ping_status":"closed","template":"","meta":{"footnotes":""},"class_list":["post-136","page","type-page","status-publish","hentry","post-preview"],"yoast_head":"<!-- This site is optimized with the Yoast SEO plugin v26.3 - https:\/\/yoast.com\/wordpress\/plugins\/seo\/ -->\n<title>Massage - Tiertherapie Alexandra D\u00f6hla<\/title>\n<meta name=\"robots\" content=\"index, follow, max-snippet:-1, max-image-preview:large, max-video-preview:-1\" \/>\n<link rel=\"canonical\" href=\"https:\/\/tiertherapie-doehla.de\/?page_id=136\" \/>\n<meta property=\"og:locale\" content=\"de_DE\" \/>\n<meta property=\"og:type\" content=\"article\" \/>\n<meta property=\"og:title\" content=\"Massage - Tiertherapie Alexandra D\u00f6hla\" \/>\n<meta property=\"og:description\" content=\"Massagen k\u00f6nnen auf die Muskulatur und den Organismus sowohl entspannend als auch anregend wirken, je nach Art der Durchf\u00fchrung. Der Zellstoffwechsel wird angeregt, Verh\u00e4rtungen und Verklebungen der Muskeln und Faszien werden gel\u00f6st. Durch die Aussch\u00fcttung von Endorphinen werden \u00c4ngste und Schmerzen gelindert und das Tier erf\u00e4hrt nicht nur k\u00f6rperliche, sondern auch geistige Entspannung. Bitte beachte, [&hellip;]\" \/>\n<meta property=\"og:url\" content=\"https:\/\/tiertherapie-doehla.de\/?page_id=136\" \/>\n<meta property=\"og:site_name\" content=\"Tiertherapie Alexandra D\u00f6hla\" \/>\n<meta property=\"article:modified_time\" content=\"2023-05-11T12:41:55+00:00\" \/>\n<meta property=\"og:image\" content=\"http:\/\/tiertherapie-doehla.de\/wp-content\/uploads\/2023\/02\/IMG_20220916_200054_311-min-924x1024.jpg\" \/>\n<meta name=\"twitter:card\" content=\"summary_large_image\" \/>\n<meta name=\"twitter:label1\" content=\"Gesch\u00e4tzte Lesezeit\" \/>\n\t<meta name=\"twitter:data1\" content=\"1\u00a0Minute\" \/>\n<script type=\"application\/ld+json\" class=\"yoast-schema-graph\">{\"@context\":\"https:\/\/schema.org\",\"@graph\":[{\"@type\":\"WebPage\",\"@id\":\"https:\/\/tiertherapie-doehla.de\/?page_id=136\",\"url\":\"https:\/\/tiertherapie-doehla.de\/?page_id=136\",\"name\":\"Massage - Tiertherapie Alexandra D\u00f6hla\",\"isPartOf\":{\"@id\":\"https:\/\/tiertherapie-doehla.de\/#website\"},\"primaryImageOfPage\":{\"@id\":\"https:\/\/tiertherapie-doehla.de\/?page_id=136#primaryimage\"},\"image\":{\"@id\":\"https:\/\/tiertherapie-doehla.de\/?page_id=136#primaryimage\"},\"thumbnailUrl\":\"http:\/\/tiertherapie-doehla.de\/wp-content\/uploads\/2023\/02\/IMG_20220916_200054_311-min-924x1024.jpg\",\"datePublished\":\"2023-02-04T15:36:43+00:00\",\"dateModified\":\"2023-05-11T12:41:55+00:00\",\"breadcrumb\":{\"@id\":\"https:\/\/tiertherapie-doehla.de\/?page_id=136#breadcrumb\"},\"inLanguage\":\"de\",\"potentialAction\":[{\"@type\":\"ReadAction\",\"target\":[\"https:\/\/tiertherapie-doehla.de\/?page_id=136\"]}]},{\"@type\":\"ImageObject\",\"inLanguage\":\"de\",\"@id\":\"https:\/\/tiertherapie-doehla.de\/?page_id=136#primaryimage\",\"url\":\"http:\/\/tiertherapie-doehla.de\/wp-content\/uploads\/2023\/02\/IMG_20220916_200054_311-min-scaled.jpg\",\"contentUrl\":\"http:\/\/tiertherapie-doehla.de\/wp-content\/uploads\/2023\/02\/IMG_20220916_200054_311-min-scaled.jpg\",\"width\":2309,\"height\":2560,\"caption\":\"Massage\"},{\"@type\":\"BreadcrumbList\",\"@id\":\"https:\/\/tiertherapie-doehla.de\/?page_id=136#breadcrumb\",\"itemListElement\":[{\"@type\":\"ListItem\",\"position\":1,\"name\":\"Startseite\",\"item\":\"https:\/\/tiertherapie-doehla.de\/\"},{\"@type\":\"ListItem\",\"position\":2,\"name\":\"Massage\"}]},{\"@type\":\"WebSite\",\"@id\":\"https:\/\/tiertherapie-doehla.de\/#website\",\"url\":\"https:\/\/tiertherapie-doehla.de\/\",\"name\":\"Tiertherapie Alexandra D\u00f6hla\",\"description\":\"Physiotherapie f\u00fcr Pferde und Hunde\",\"publisher\":{\"@id\":\"https:\/\/tiertherapie-doehla.de\/#\/schema\/person\/2664bc569e262b2f58c68a413d9a1004\"},\"potentialAction\":[{\"@type\":\"SearchAction\",\"target\":{\"@type\":\"EntryPoint\",\"urlTemplate\":\"https:\/\/tiertherapie-doehla.de\/?s={search_term_string}\"},\"query-input\":{\"@type\":\"PropertyValueSpecification\",\"valueRequired\":true,\"valueName\":\"search_term_string\"}}],\"inLanguage\":\"de\"},{\"@type\":[\"Person\",\"Organization\"],\"@id\":\"https:\/\/tiertherapie-doehla.de\/#\/schema\/person\/2664bc569e262b2f58c68a413d9a1004\",\"name\":\"admin\",\"image\":{\"@type\":\"ImageObject\",\"inLanguage\":\"de\",\"@id\":\"https:\/\/tiertherapie-doehla.de\/#\/schema\/person\/image\/\",\"url\":\"http:\/\/tiertherapie-doehla.de\/wp-content\/uploads\/2023\/02\/Logo-min-1.jpg\",\"contentUrl\":\"http:\/\/tiertherapie-doehla.de\/wp-content\/uploads\/2023\/02\/Logo-min-1.jpg\",\"width\":500,\"height\":500,\"caption\":\"admin\"},\"logo\":{\"@id\":\"https:\/\/tiertherapie-doehla.de\/#\/schema\/person\/image\/\"},\"sameAs\":[\"http:\/\/tiertherapie-doehla.de\"]}]}<\/script>\n<!-- \/ Yoast SEO plugin. -->","yoast_head_json":{"title":"Massage - Tiertherapie Alexandra D\u00f6hla","robots":{"index":"index","follow":"follow","max-snippet":"max-snippet:-1","max-image-preview":"max-image-preview:large","max-video-preview":"max-video-preview:-1"},"canonical":"https:\/\/tiertherapie-doehla.de\/?page_id=136","og_locale":"de_DE","og_type":"article","og_title":"Massage - Tiertherapie Alexandra D\u00f6hla","og_description":"Massagen k\u00f6nnen auf die Muskulatur und den Organismus sowohl entspannend als auch anregend wirken, je nach Art der Durchf\u00fchrung. Der Zellstoffwechsel wird angeregt, Verh\u00e4rtungen und Verklebungen der Muskeln und Faszien werden gel\u00f6st. Durch die Aussch\u00fcttung von Endorphinen werden \u00c4ngste und Schmerzen gelindert und das Tier erf\u00e4hrt nicht nur k\u00f6rperliche, sondern auch geistige Entspannung. Bitte beachte, [&hellip;]","og_url":"https:\/\/tiertherapie-doehla.de\/?page_id=136","og_site_name":"Tiertherapie Alexandra D\u00f6hla","article_modified_time":"2023-05-11T12:41:55+00:00","og_image":[{"url":"http:\/\/tiertherapie-doehla.de\/wp-content\/uploads\/2023\/02\/IMG_20220916_200054_311-min-924x1024.jpg","type":"","width":"","height":""}],"twitter_card":"summary_large_image","twitter_misc":{"Gesch\u00e4tzte Lesezeit":"1\u00a0Minute"},"schema":{"@context":"https:\/\/schema.org","@graph":[{"@type":"WebPage","@id":"https:\/\/tiertherapie-doehla.de\/?page_id=136","url":"https:\/\/tiertherapie-doehla.de\/?page_id=136","name":"Massage - Tiertherapie Alexandra D\u00f6hla","isPartOf":{"@id":"https:\/\/tiertherapie-doehla.de\/#website"},"primaryImageOfPage":{"@id":"https:\/\/tiertherapie-doehla.de\/?page_id=136#primaryimage"},"image":{"@id":"https:\/\/tiertherapie-doehla.de\/?page_id=136#primaryimage"},"thumbnailUrl":"http:\/\/tiertherapie-doehla.de\/wp-content\/uploads\/2023\/02\/IMG_20220916_200054_311-min-924x1024.jpg","datePublished":"2023-02-04T15:36:43+00:00","dateModified":"2023-05-11T12:41:55+00:00","breadcrumb":{"@id":"https:\/\/tiertherapie-doehla.de\/?page_id=136#breadcrumb"},"inLanguage":"de","potentialAction":[{"@type":"ReadAction","target":["https:\/\/tiertherapie-doehla.de\/?page_id=136"]}]},{"@type":"ImageObject","inLanguage":"de","@id":"https:\/\/tiertherapie-doehla.de\/?page_id=136#primaryimage","url":"http:\/\/tiertherapie-doehla.de\/wp-content\/uploads\/2023\/02\/IMG_20220916_200054_311-min-scaled.jpg","contentUrl":"http:\/\/tiertherapie-doehla.de\/wp-content\/uploads\/2023\/02\/IMG_20220916_200054_311-min-scaled.jpg","width":2309,"height":2560,"caption":"Massage"},{"@type":"BreadcrumbList","@id":"https:\/\/tiertherapie-doehla.de\/?page_id=136#breadcrumb","itemListElement":[{"@type":"ListItem","position":1,"name":"Startseite","item":"https:\/\/tiertherapie-doehla.de\/"},{"@type":"ListItem","position":2,"name":"Massage"}]},{"@type":"WebSite","@id":"https:\/\/tiertherapie-doehla.de\/#website","url":"https:\/\/tiertherapie-doehla.de\/","name":"Tiertherapie Alexandra D\u00f6hla","description":"Physiotherapie f\u00fcr Pferde und Hunde","publisher":{"@id":"https:\/\/tiertherapie-doehla.de\/#\/schema\/person\/2664bc569e262b2f58c68a413d9a1004"},"potentialAction":[{"@type":"SearchAction","target":{"@type":"EntryPoint","urlTemplate":"https:\/\/tiertherapie-doehla.de\/?s={search_term_string}"},"query-input":{"@type":"PropertyValueSpecification","valueRequired":true,"valueName":"search_term_string"}}],"inLanguage":"de"},{"@type":["Person","Organization"],"@id":"https:\/\/tiertherapie-doehla.de\/#\/schema\/person\/2664bc569e262b2f58c68a413d9a1004","name":"admin","image":{"@type":"ImageObject","inLanguage":"de","@id":"https:\/\/tiertherapie-doehla.de\/#\/schema\/person\/image\/","url":"http:\/\/tiertherapie-doehla.de\/wp-content\/uploads\/2023\/02\/Logo-min-1.jpg","contentUrl":"http:\/\/tiertherapie-doehla.de\/wp-content\/uploads\/2023\/02\/Logo-min-1.jpg","width":500,"height":500,"caption":"admin"},"logo":{"@id":"https:\/\/tiertherapie-doehla.de\/#\/schema\/person\/image\/"},"sameAs":["http:\/\/tiertherapie-doehla.de"]}]}},"_links":{"self":[{"href":"http:\/\/tiertherapie-doehla.de\/index.php?rest_route=\/wp\/v2\/pages\/136","targetHints":{"allow":["GET"]}}],"collection":[{"href":"http:\/\/tiertherapie-doehla.de\/index.php?rest_route=\/wp\/v2\/pages"}],"about":[{"href":"http:\/\/tiertherapie-doehla.de\/index.php?rest_route=\/wp\/v2\/types\/page"}],"author":[{"embeddable":true,"href":"http:\/\/tiertherapie-doehla.de\/index.php?rest_route=\/wp\/v2\/users\/1"}],"replies":[{"embeddable":true,"href":"http:\/\/tiertherapie-doehla.de\/index.php?rest_route=%2Fwp%2Fv2%2Fcomments&post=136"}],"version-history":[{"count":28,"href":"http:\/\/tiertherapie-doehla.de\/index.php?rest_route=\/wp\/v2\/pages\/136\/revisions"}],"predecessor-version":[{"id":573,"href":"http:\/\/tiertherapie-doehla.de\/index.php?rest_route=\/wp\/v2\/pages\/136\/revisions\/573"}],"wp:attachment":[{"href":"http:\/\/tiertherapie-doehla.de\/index.php?rest_route=%2Fwp%2Fv2%2Fmedia&parent=136"}],"curies":[{"name":"wp","href":"https:\/\/api.w.org\/{rel}","templated":true}]}}