{"id":138,"date":"2023-02-04T15:36:43","date_gmt":"2023-02-04T15:36:43","guid":{"rendered":"http:\/\/tiertherapie-doehla.de\/?page_id=138"},"modified":"2023-05-23T15:23:39","modified_gmt":"2023-05-23T15:23:39","slug":"manuelle-lymphdrainage","status":"publish","type":"page","link":"http:\/\/tiertherapie-doehla.de\/?page_id=138","title":{"rendered":"Manuelle Lymphdrainage"},"content":{"rendered":"\t\t<div data-elementor-type=\"wp-page\" data-elementor-id=\"138\" class=\"elementor elementor-138\" data-elementor-post-type=\"page\">\n\t\t\t\t\t\t<section class=\"elementor-section elementor-top-section elementor-element elementor-element-c9318d0 elementor-section-stretched elementor-section-boxed elementor-section-height-default elementor-section-height-default\" data-id=\"c9318d0\" data-element_type=\"section\" data-settings=\"{&quot;stretch_section&quot;:&quot;section-stretched&quot;}\">\n\t\t\t\t\t\t<div class=\"elementor-container elementor-column-gap-default\">\n\t\t\t\t\t<div class=\"elementor-column elementor-col-50 elementor-top-column elementor-element elementor-element-f28766c\" data-id=\"f28766c\" data-element_type=\"column\">\n\t\t\t<div class=\"elementor-widget-wrap elementor-element-populated\">\n\t\t\t\t\t\t<div class=\"elementor-element elementor-element-60ce2e1 elementor-widget elementor-widget-image\" data-id=\"60ce2e1\" data-element_type=\"widget\" data-widget_type=\"image.default\">\n\t\t\t\t<div class=\"elementor-widget-container\">\n\t\t\t\t\t\t\t\t\t\t\t\t\t\t\t<img fetchpriority=\"high\" decoding=\"async\" width=\"676\" height=\"748\" src=\"https:\/\/tiertherapie-doehla.de\/wp-content\/uploads\/2023\/02\/Picsart_23-02-10_17-47-05-682-min-925x1024.jpg\" class=\"attachment-large size-large wp-image-279\" alt=\"\" srcset=\"https:\/\/tiertherapie-doehla.de\/wp-content\/uploads\/2023\/02\/Picsart_23-02-10_17-47-05-682-min-925x1024.jpg 925w, https:\/\/tiertherapie-doehla.de\/wp-content\/uploads\/2023\/02\/Picsart_23-02-10_17-47-05-682-min-271x300.jpg 271w, https:\/\/tiertherapie-doehla.de\/wp-content\/uploads\/2023\/02\/Picsart_23-02-10_17-47-05-682-min-768x850.jpg 768w, https:\/\/tiertherapie-doehla.de\/wp-content\/uploads\/2023\/02\/Picsart_23-02-10_17-47-05-682-min-1388x1536.jpg 1388w, https:\/\/tiertherapie-doehla.de\/wp-content\/uploads\/2023\/02\/Picsart_23-02-10_17-47-05-682-min-1851x2048.jpg 1851w, https:\/\/tiertherapie-doehla.de\/wp-content\/uploads\/2023\/02\/Picsart_23-02-10_17-47-05-682-min-676x748.jpg 676w\" sizes=\"(max-width: 676px) 100vw, 676px\" \/>\t\t\t\t\t\t\t\t\t\t\t\t\t\t\t<\/div>\n\t\t\t\t<\/div>\n\t\t\t\t\t<\/div>\n\t\t<\/div>\n\t\t\t\t<div class=\"elementor-column elementor-col-50 elementor-top-column elementor-element elementor-element-478ba85\" data-id=\"478ba85\" data-element_type=\"column\">\n\t\t\t<div class=\"elementor-widget-wrap elementor-element-populated\">\n\t\t\t\t\t\t<div class=\"elementor-element elementor-element-7a28d86 elementor-widget elementor-widget-text-editor\" data-id=\"7a28d86\" data-element_type=\"widget\" data-widget_type=\"text-editor.default\">\n\t\t\t\t<div class=\"elementor-widget-container\">\n\t\t\t\t\t\t\t\t\t<p>Die manuelle Lymphdrainage wirkt entstauend, beruhigend und schmerzlindernd und ist eine sehr sanfte Massagetechnik. Das Lymphsystem geh\u00f6rt zum Immunsystem und ist f\u00fcr den Abtransport von Stoffwechselprodukten, Gift- und Schadstoffen zust\u00e4ndig.<\/p><p>Tiere, die zu Problemen mit dem Lymphfluss neigen, haben meist besonders bei warmem Wetter, starken Temperaturunterschieden, bei zu wenig Bewegung, aber auch bei \u00dcberlastung besonders damit zu k\u00e4mpfen.<\/p><p>Die Lymphdrainage ist geeignet bei:<\/p><ul><li>angelaufenen Beinen<\/li><li>Phlegmonen (nicht im akuten Stadium!)<\/li><li>s\u00e4mtlichen anderen \u00d6demen und Schwellungen<\/li><li>bei Tieren, die Problemen mit dem Wetter- und Fellwechsel im Fr\u00fchjahr und Herbst haben, kann eine regelm\u00e4\u00dfige Lymphdrainage Erleichterung verschaffen<\/li><li>Arthrose\u00a0<\/li><li>nach OPs und Narkosen<\/li><li>bei Pferden, die Druse hatten (1x im Monat sinnvoll, da die Druse das Lymphsystem schw\u00e4cht. Nicht bei akuter Erkrankung!)<\/li><\/ul><p>Eine Lymphdrainage dauert zwischen 30 und 90 min. Idealerweise gehst du danach noch ca. 15 min mit deinem Tier spazieren, um den Lymphfluss zus\u00e4tzlich anzuregen.\u00a0<\/p>\t\t\t\t\t\t\t\t<\/div>\n\t\t\t\t<\/div>\n\t\t\t\t\t<\/div>\n\t\t<\/div>\n\t\t\t\t\t<\/div>\n\t\t<\/section>\n\t\t\t\t<\/div>\n\t\t","protected":false},"excerpt":{"rendered":"<p>Die manuelle Lymphdrainage wirkt entstauend, beruhigend und schmerzlindernd und ist eine sehr sanfte Massagetechnik. Das Lymphsystem geh\u00f6rt zum Immunsystem und ist f\u00fcr den Abtransport von Stoffwechselprodukten, Gift- und Schadstoffen zust\u00e4ndig. Tiere, die zu Problemen mit dem Lymphfluss neigen, haben meist besonders bei warmem Wetter, starken Temperaturunterschieden, bei zu wenig Bewegung, aber auch bei \u00dcberlastung besonders [&hellip;]<\/p>\n","protected":false},"author":1,"featured_media":0,"parent":0,"menu_order":0,"comment_status":"closed","ping_status":"closed","template":"","meta":{"footnotes":""},"class_list":["post-138","page","type-page","status-publish","hentry","post-preview"],"yoast_head":"<!-- This site is optimized with the Yoast SEO plugin v26.3 - https:\/\/yoast.com\/wordpress\/plugins\/seo\/ -->\n<title>Manuelle Lymphdrainage - Tiertherapie Alexandra D\u00f6hla<\/title>\n<meta name=\"robots\" content=\"index, follow, max-snippet:-1, max-image-preview:large, max-video-preview:-1\" \/>\n<link rel=\"canonical\" href=\"http:\/\/tiertherapie-doehla.de\/?page_id=138\" \/>\n<meta property=\"og:locale\" content=\"de_DE\" \/>\n<meta property=\"og:type\" content=\"article\" \/>\n<meta property=\"og:title\" content=\"Manuelle Lymphdrainage - Tiertherapie Alexandra D\u00f6hla\" \/>\n<meta property=\"og:description\" content=\"Die manuelle Lymphdrainage wirkt entstauend, beruhigend und schmerzlindernd und ist eine sehr sanfte Massagetechnik. Das Lymphsystem geh\u00f6rt zum Immunsystem und ist f\u00fcr den Abtransport von Stoffwechselprodukten, Gift- und Schadstoffen zust\u00e4ndig. Tiere, die zu Problemen mit dem Lymphfluss neigen, haben meist besonders bei warmem Wetter, starken Temperaturunterschieden, bei zu wenig Bewegung, aber auch bei \u00dcberlastung besonders [&hellip;]\" \/>\n<meta property=\"og:url\" content=\"http:\/\/tiertherapie-doehla.de\/?page_id=138\" \/>\n<meta property=\"og:site_name\" content=\"Tiertherapie Alexandra D\u00f6hla\" \/>\n<meta property=\"article:modified_time\" content=\"2023-05-23T15:23:39+00:00\" \/>\n<meta property=\"og:image\" content=\"http:\/\/tiertherapie-doehla.de\/wp-content\/uploads\/2023\/02\/Picsart_23-02-10_17-47-05-682-min-925x1024.jpg\" \/>\n<meta name=\"twitter:card\" content=\"summary_large_image\" \/>\n<meta name=\"twitter:label1\" content=\"Gesch\u00e4tzte Lesezeit\" \/>\n\t<meta name=\"twitter:data1\" content=\"2\u00a0Minuten\" \/>\n<script type=\"application\/ld+json\" class=\"yoast-schema-graph\">{\"@context\":\"https:\/\/schema.org\",\"@graph\":[{\"@type\":\"WebPage\",\"@id\":\"http:\/\/tiertherapie-doehla.de\/?page_id=138\",\"url\":\"http:\/\/tiertherapie-doehla.de\/?page_id=138\",\"name\":\"Manuelle Lymphdrainage - Tiertherapie Alexandra D\u00f6hla\",\"isPartOf\":{\"@id\":\"http:\/\/tiertherapie-doehla.de\/#website\"},\"primaryImageOfPage\":{\"@id\":\"http:\/\/tiertherapie-doehla.de\/?page_id=138#primaryimage\"},\"image\":{\"@id\":\"http:\/\/tiertherapie-doehla.de\/?page_id=138#primaryimage\"},\"thumbnailUrl\":\"http:\/\/tiertherapie-doehla.de\/wp-content\/uploads\/2023\/02\/Picsart_23-02-10_17-47-05-682-min-925x1024.jpg\",\"datePublished\":\"2023-02-04T15:36:43+00:00\",\"dateModified\":\"2023-05-23T15:23:39+00:00\",\"breadcrumb\":{\"@id\":\"http:\/\/tiertherapie-doehla.de\/?page_id=138#breadcrumb\"},\"inLanguage\":\"de\",\"potentialAction\":[{\"@type\":\"ReadAction\",\"target\":[\"http:\/\/tiertherapie-doehla.de\/?page_id=138\"]}]},{\"@type\":\"ImageObject\",\"inLanguage\":\"de\",\"@id\":\"http:\/\/tiertherapie-doehla.de\/?page_id=138#primaryimage\",\"url\":\"http:\/\/tiertherapie-doehla.de\/wp-content\/uploads\/2023\/02\/Picsart_23-02-10_17-47-05-682-min-scaled.jpg\",\"contentUrl\":\"http:\/\/tiertherapie-doehla.de\/wp-content\/uploads\/2023\/02\/Picsart_23-02-10_17-47-05-682-min-scaled.jpg\",\"width\":2313,\"height\":2560,\"caption\":\"Lymphdrainage\"},{\"@type\":\"BreadcrumbList\",\"@id\":\"http:\/\/tiertherapie-doehla.de\/?page_id=138#breadcrumb\",\"itemListElement\":[{\"@type\":\"ListItem\",\"position\":1,\"name\":\"Startseite\",\"item\":\"http:\/\/tiertherapie-doehla.de\/\"},{\"@type\":\"ListItem\",\"position\":2,\"name\":\"Manuelle Lymphdrainage\"}]},{\"@type\":\"WebSite\",\"@id\":\"http:\/\/tiertherapie-doehla.de\/#website\",\"url\":\"http:\/\/tiertherapie-doehla.de\/\",\"name\":\"Tiertherapie Alexandra D\u00f6hla\",\"description\":\"Physiotherapie f\u00fcr Pferde und Hunde\",\"publisher\":{\"@id\":\"http:\/\/tiertherapie-doehla.de\/#\/schema\/person\/2664bc569e262b2f58c68a413d9a1004\"},\"potentialAction\":[{\"@type\":\"SearchAction\",\"target\":{\"@type\":\"EntryPoint\",\"urlTemplate\":\"http:\/\/tiertherapie-doehla.de\/?s={search_term_string}\"},\"query-input\":{\"@type\":\"PropertyValueSpecification\",\"valueRequired\":true,\"valueName\":\"search_term_string\"}}],\"inLanguage\":\"de\"},{\"@type\":[\"Person\",\"Organization\"],\"@id\":\"http:\/\/tiertherapie-doehla.de\/#\/schema\/person\/2664bc569e262b2f58c68a413d9a1004\",\"name\":\"admin\",\"image\":{\"@type\":\"ImageObject\",\"inLanguage\":\"de\",\"@id\":\"http:\/\/tiertherapie-doehla.de\/#\/schema\/person\/image\/\",\"url\":\"http:\/\/tiertherapie-doehla.de\/wp-content\/uploads\/2023\/02\/Logo-min-1.jpg\",\"contentUrl\":\"http:\/\/tiertherapie-doehla.de\/wp-content\/uploads\/2023\/02\/Logo-min-1.jpg\",\"width\":500,\"height\":500,\"caption\":\"admin\"},\"logo\":{\"@id\":\"http:\/\/tiertherapie-doehla.de\/#\/schema\/person\/image\/\"},\"sameAs\":[\"http:\/\/tiertherapie-doehla.de\"]}]}<\/script>\n<!-- \/ Yoast SEO plugin. -->","yoast_head_json":{"title":"Manuelle Lymphdrainage - Tiertherapie Alexandra D\u00f6hla","robots":{"index":"index","follow":"follow","max-snippet":"max-snippet:-1","max-image-preview":"max-image-preview:large","max-video-preview":"max-video-preview:-1"},"canonical":"http:\/\/tiertherapie-doehla.de\/?page_id=138","og_locale":"de_DE","og_type":"article","og_title":"Manuelle Lymphdrainage - Tiertherapie Alexandra D\u00f6hla","og_description":"Die manuelle Lymphdrainage wirkt entstauend, beruhigend und schmerzlindernd und ist eine sehr sanfte Massagetechnik. Das Lymphsystem geh\u00f6rt zum Immunsystem und ist f\u00fcr den Abtransport von Stoffwechselprodukten, Gift- und Schadstoffen zust\u00e4ndig. Tiere, die zu Problemen mit dem Lymphfluss neigen, haben meist besonders bei warmem Wetter, starken Temperaturunterschieden, bei zu wenig Bewegung, aber auch bei \u00dcberlastung besonders [&hellip;]","og_url":"http:\/\/tiertherapie-doehla.de\/?page_id=138","og_site_name":"Tiertherapie Alexandra D\u00f6hla","article_modified_time":"2023-05-23T15:23:39+00:00","og_image":[{"url":"http:\/\/tiertherapie-doehla.de\/wp-content\/uploads\/2023\/02\/Picsart_23-02-10_17-47-05-682-min-925x1024.jpg","type":"","width":"","height":""}],"twitter_card":"summary_large_image","twitter_misc":{"Gesch\u00e4tzte Lesezeit":"2\u00a0Minuten"},"schema":{"@context":"https:\/\/schema.org","@graph":[{"@type":"WebPage","@id":"http:\/\/tiertherapie-doehla.de\/?page_id=138","url":"http:\/\/tiertherapie-doehla.de\/?page_id=138","name":"Manuelle Lymphdrainage - Tiertherapie Alexandra D\u00f6hla","isPartOf":{"@id":"http:\/\/tiertherapie-doehla.de\/#website"},"primaryImageOfPage":{"@id":"http:\/\/tiertherapie-doehla.de\/?page_id=138#primaryimage"},"image":{"@id":"http:\/\/tiertherapie-doehla.de\/?page_id=138#primaryimage"},"thumbnailUrl":"http:\/\/tiertherapie-doehla.de\/wp-content\/uploads\/2023\/02\/Picsart_23-02-10_17-47-05-682-min-925x1024.jpg","datePublished":"2023-02-04T15:36:43+00:00","dateModified":"2023-05-23T15:23:39+00:00","breadcrumb":{"@id":"http:\/\/tiertherapie-doehla.de\/?page_id=138#breadcrumb"},"inLanguage":"de","potentialAction":[{"@type":"ReadAction","target":["http:\/\/tiertherapie-doehla.de\/?page_id=138"]}]},{"@type":"ImageObject","inLanguage":"de","@id":"http:\/\/tiertherapie-doehla.de\/?page_id=138#primaryimage","url":"http:\/\/tiertherapie-doehla.de\/wp-content\/uploads\/2023\/02\/Picsart_23-02-10_17-47-05-682-min-scaled.jpg","contentUrl":"http:\/\/tiertherapie-doehla.de\/wp-content\/uploads\/2023\/02\/Picsart_23-02-10_17-47-05-682-min-scaled.jpg","width":2313,"height":2560,"caption":"Lymphdrainage"},{"@type":"BreadcrumbList","@id":"http:\/\/tiertherapie-doehla.de\/?page_id=138#breadcrumb","itemListElement":[{"@type":"ListItem","position":1,"name":"Startseite","item":"http:\/\/tiertherapie-doehla.de\/"},{"@type":"ListItem","position":2,"name":"Manuelle Lymphdrainage"}]},{"@type":"WebSite","@id":"http:\/\/tiertherapie-doehla.de\/#website","url":"http:\/\/tiertherapie-doehla.de\/","name":"Tiertherapie Alexandra D\u00f6hla","description":"Physiotherapie f\u00fcr Pferde und Hunde","publisher":{"@id":"http:\/\/tiertherapie-doehla.de\/#\/schema\/person\/2664bc569e262b2f58c68a413d9a1004"},"potentialAction":[{"@type":"SearchAction","target":{"@type":"EntryPoint","urlTemplate":"http:\/\/tiertherapie-doehla.de\/?s={search_term_string}"},"query-input":{"@type":"PropertyValueSpecification","valueRequired":true,"valueName":"search_term_string"}}],"inLanguage":"de"},{"@type":["Person","Organization"],"@id":"http:\/\/tiertherapie-doehla.de\/#\/schema\/person\/2664bc569e262b2f58c68a413d9a1004","name":"admin","image":{"@type":"ImageObject","inLanguage":"de","@id":"http:\/\/tiertherapie-doehla.de\/#\/schema\/person\/image\/","url":"http:\/\/tiertherapie-doehla.de\/wp-content\/uploads\/2023\/02\/Logo-min-1.jpg","contentUrl":"http:\/\/tiertherapie-doehla.de\/wp-content\/uploads\/2023\/02\/Logo-min-1.jpg","width":500,"height":500,"caption":"admin"},"logo":{"@id":"http:\/\/tiertherapie-doehla.de\/#\/schema\/person\/image\/"},"sameAs":["http:\/\/tiertherapie-doehla.de"]}]}},"_links":{"self":[{"href":"http:\/\/tiertherapie-doehla.de\/index.php?rest_route=\/wp\/v2\/pages\/138","targetHints":{"allow":["GET"]}}],"collection":[{"href":"http:\/\/tiertherapie-doehla.de\/index.php?rest_route=\/wp\/v2\/pages"}],"about":[{"href":"http:\/\/tiertherapie-doehla.de\/index.php?rest_route=\/wp\/v2\/types\/page"}],"author":[{"embeddable":true,"href":"http:\/\/tiertherapie-doehla.de\/index.php?rest_route=\/wp\/v2\/users\/1"}],"replies":[{"embeddable":true,"href":"http:\/\/tiertherapie-doehla.de\/index.php?rest_route=%2Fwp%2Fv2%2Fcomments&post=138"}],"version-history":[{"count":25,"href":"http:\/\/tiertherapie-doehla.de\/index.php?rest_route=\/wp\/v2\/pages\/138\/revisions"}],"predecessor-version":[{"id":731,"href":"http:\/\/tiertherapie-doehla.de\/index.php?rest_route=\/wp\/v2\/pages\/138\/revisions\/731"}],"wp:attachment":[{"href":"http:\/\/tiertherapie-doehla.de\/index.php?rest_route=%2Fwp%2Fv2%2Fmedia&parent=138"}],"curies":[{"name":"wp","href":"https:\/\/api.w.org\/{rel}","templated":true}]}}