{"id":142,"date":"2023-02-04T15:36:43","date_gmt":"2023-02-04T15:36:43","guid":{"rendered":"http:\/\/tiertherapie-doehla.de\/?page_id=142"},"modified":"2023-08-02T08:01:32","modified_gmt":"2023-08-02T08:01:32","slug":"aromatherapie","status":"publish","type":"page","link":"http:\/\/tiertherapie-doehla.de\/?page_id=142","title":{"rendered":"Aromatherapie"},"content":{"rendered":"\t\t<div data-elementor-type=\"wp-page\" data-elementor-id=\"142\" class=\"elementor elementor-142\" data-elementor-post-type=\"page\">\n\t\t\t\t\t\t<section class=\"elementor-section elementor-top-section elementor-element elementor-element-73a86fd elementor-section-stretched elementor-section-boxed elementor-section-height-default elementor-section-height-default\" data-id=\"73a86fd\" data-element_type=\"section\" data-settings=\"{&quot;stretch_section&quot;:&quot;section-stretched&quot;}\">\n\t\t\t\t\t\t<div class=\"elementor-container elementor-column-gap-default\">\n\t\t\t\t\t<div class=\"elementor-column elementor-col-50 elementor-top-column elementor-element elementor-element-8be82af\" data-id=\"8be82af\" data-element_type=\"column\">\n\t\t\t<div class=\"elementor-widget-wrap elementor-element-populated\">\n\t\t\t\t\t\t<div class=\"elementor-element elementor-element-319602f elementor-widget elementor-widget-image\" data-id=\"319602f\" data-element_type=\"widget\" data-widget_type=\"image.default\">\n\t\t\t\t<div class=\"elementor-widget-container\">\n\t\t\t\t\t\t\t\t\t\t\t\t\t\t\t<img fetchpriority=\"high\" decoding=\"async\" width=\"676\" height=\"717\" src=\"https:\/\/tiertherapie-doehla.de\/wp-content\/uploads\/2023\/02\/Picsart_23-02-09_20-07-47-636-min-966x1024.jpg\" class=\"attachment-large size-large wp-image-277\" alt=\"\" srcset=\"https:\/\/tiertherapie-doehla.de\/wp-content\/uploads\/2023\/02\/Picsart_23-02-09_20-07-47-636-min-966x1024.jpg 966w, https:\/\/tiertherapie-doehla.de\/wp-content\/uploads\/2023\/02\/Picsart_23-02-09_20-07-47-636-min-283x300.jpg 283w, https:\/\/tiertherapie-doehla.de\/wp-content\/uploads\/2023\/02\/Picsart_23-02-09_20-07-47-636-min-768x814.jpg 768w, https:\/\/tiertherapie-doehla.de\/wp-content\/uploads\/2023\/02\/Picsart_23-02-09_20-07-47-636-min-1449x1536.jpg 1449w, https:\/\/tiertherapie-doehla.de\/wp-content\/uploads\/2023\/02\/Picsart_23-02-09_20-07-47-636-min-1932x2048.jpg 1932w, https:\/\/tiertherapie-doehla.de\/wp-content\/uploads\/2023\/02\/Picsart_23-02-09_20-07-47-636-min-676x717.jpg 676w\" sizes=\"(max-width: 676px) 100vw, 676px\" \/>\t\t\t\t\t\t\t\t\t\t\t\t\t\t\t<\/div>\n\t\t\t\t<\/div>\n\t\t\t\t\t<\/div>\n\t\t<\/div>\n\t\t\t\t<div class=\"elementor-column elementor-col-50 elementor-top-column elementor-element elementor-element-272333d\" data-id=\"272333d\" data-element_type=\"column\">\n\t\t\t<div class=\"elementor-widget-wrap elementor-element-populated\">\n\t\t\t\t\t\t<div class=\"elementor-element elementor-element-0bf8756 elementor-widget elementor-widget-text-editor\" data-id=\"0bf8756\" data-element_type=\"widget\" data-widget_type=\"text-editor.default\">\n\t\t\t\t<div class=\"elementor-widget-container\">\n\t\t\t\t\t\t\t\t\t<p>Die Aromatherapie ist einsetzbar bei seelischen Unruhezust\u00e4nden, aber auch bei k\u00f6rperlichen Beschwerden, wie z.B. Verspannungen der Muskulatur. Hier sind Aromamassagen ideal geeignet. Es gibt eine Vielzahl von verschiedenen \u00d6len &#8211; je nachdem, wo die Probleme deines Tieres liegen, w\u00e4hle ich das passende aus. Die \u00d6le k\u00f6nnen z.B. anregen oder entspannen und wirken auf psychischer und physischer Ebene. Dank ihres ausgezeichneten Geruchssinns wird die Aromatherapie von den meisten Tieren sehr gut angenommen und zeigt eine gute Wirksamkeit.\u00a0<\/p><p>Ich verwende ausschlie\u00dflich nat\u00fcrliche \u00e4therische \u00d6le ohne chemische Zus\u00e4tze.<\/p>\t\t\t\t\t\t\t\t<\/div>\n\t\t\t\t<\/div>\n\t\t\t\t\t<\/div>\n\t\t<\/div>\n\t\t\t\t\t<\/div>\n\t\t<\/section>\n\t\t\t\t<\/div>\n\t\t","protected":false},"excerpt":{"rendered":"<p>Die Aromatherapie ist einsetzbar bei seelischen Unruhezust\u00e4nden, aber auch bei k\u00f6rperlichen Beschwerden, wie z.B. Verspannungen der Muskulatur. Hier sind Aromamassagen ideal geeignet. Es gibt eine Vielzahl von verschiedenen \u00d6len &#8211; je nachdem, wo die Probleme deines Tieres liegen, w\u00e4hle ich das passende aus. Die \u00d6le k\u00f6nnen z.B. anregen oder entspannen und wirken auf psychischer und [&hellip;]<\/p>\n","protected":false},"author":1,"featured_media":0,"parent":0,"menu_order":0,"comment_status":"closed","ping_status":"closed","template":"","meta":{"footnotes":""},"class_list":["post-142","page","type-page","status-publish","hentry","post-preview"],"yoast_head":"<!-- This site is optimized with the Yoast SEO plugin v26.3 - https:\/\/yoast.com\/wordpress\/plugins\/seo\/ -->\n<title>Aromatherapie - Tiertherapie Alexandra D\u00f6hla<\/title>\n<meta name=\"robots\" content=\"index, follow, max-snippet:-1, max-image-preview:large, max-video-preview:-1\" \/>\n<link rel=\"canonical\" href=\"http:\/\/tiertherapie-doehla.de\/?page_id=142\" \/>\n<meta property=\"og:locale\" content=\"de_DE\" \/>\n<meta property=\"og:type\" content=\"article\" \/>\n<meta property=\"og:title\" content=\"Aromatherapie - Tiertherapie Alexandra D\u00f6hla\" \/>\n<meta property=\"og:description\" content=\"Die Aromatherapie ist einsetzbar bei seelischen Unruhezust\u00e4nden, aber auch bei k\u00f6rperlichen Beschwerden, wie z.B. Verspannungen der Muskulatur. Hier sind Aromamassagen ideal geeignet. Es gibt eine Vielzahl von verschiedenen \u00d6len &#8211; je nachdem, wo die Probleme deines Tieres liegen, w\u00e4hle ich das passende aus. Die \u00d6le k\u00f6nnen z.B. anregen oder entspannen und wirken auf psychischer und [&hellip;]\" \/>\n<meta property=\"og:url\" content=\"http:\/\/tiertherapie-doehla.de\/?page_id=142\" \/>\n<meta property=\"og:site_name\" content=\"Tiertherapie Alexandra D\u00f6hla\" \/>\n<meta property=\"article:modified_time\" content=\"2023-08-02T08:01:32+00:00\" \/>\n<meta property=\"og:image\" content=\"http:\/\/tiertherapie-doehla.de\/wp-content\/uploads\/2023\/02\/Picsart_23-02-09_20-07-47-636-min-966x1024.jpg\" \/>\n<meta name=\"twitter:card\" content=\"summary_large_image\" \/>\n<meta name=\"twitter:label1\" content=\"Gesch\u00e4tzte Lesezeit\" \/>\n\t<meta name=\"twitter:data1\" content=\"1\u00a0Minute\" \/>\n<script type=\"application\/ld+json\" class=\"yoast-schema-graph\">{\"@context\":\"https:\/\/schema.org\",\"@graph\":[{\"@type\":\"WebPage\",\"@id\":\"http:\/\/tiertherapie-doehla.de\/?page_id=142\",\"url\":\"http:\/\/tiertherapie-doehla.de\/?page_id=142\",\"name\":\"Aromatherapie - Tiertherapie Alexandra D\u00f6hla\",\"isPartOf\":{\"@id\":\"http:\/\/tiertherapie-doehla.de\/#website\"},\"primaryImageOfPage\":{\"@id\":\"http:\/\/tiertherapie-doehla.de\/?page_id=142#primaryimage\"},\"image\":{\"@id\":\"http:\/\/tiertherapie-doehla.de\/?page_id=142#primaryimage\"},\"thumbnailUrl\":\"http:\/\/tiertherapie-doehla.de\/wp-content\/uploads\/2023\/02\/Picsart_23-02-09_20-07-47-636-min-966x1024.jpg\",\"datePublished\":\"2023-02-04T15:36:43+00:00\",\"dateModified\":\"2023-08-02T08:01:32+00:00\",\"breadcrumb\":{\"@id\":\"http:\/\/tiertherapie-doehla.de\/?page_id=142#breadcrumb\"},\"inLanguage\":\"de\",\"potentialAction\":[{\"@type\":\"ReadAction\",\"target\":[\"http:\/\/tiertherapie-doehla.de\/?page_id=142\"]}]},{\"@type\":\"ImageObject\",\"inLanguage\":\"de\",\"@id\":\"http:\/\/tiertherapie-doehla.de\/?page_id=142#primaryimage\",\"url\":\"http:\/\/tiertherapie-doehla.de\/wp-content\/uploads\/2023\/02\/Picsart_23-02-09_20-07-47-636-min-scaled.jpg\",\"contentUrl\":\"http:\/\/tiertherapie-doehla.de\/wp-content\/uploads\/2023\/02\/Picsart_23-02-09_20-07-47-636-min-scaled.jpg\",\"width\":2415,\"height\":2560,\"caption\":\"Aromatherapie\"},{\"@type\":\"BreadcrumbList\",\"@id\":\"http:\/\/tiertherapie-doehla.de\/?page_id=142#breadcrumb\",\"itemListElement\":[{\"@type\":\"ListItem\",\"position\":1,\"name\":\"Startseite\",\"item\":\"http:\/\/tiertherapie-doehla.de\/\"},{\"@type\":\"ListItem\",\"position\":2,\"name\":\"Aromatherapie\"}]},{\"@type\":\"WebSite\",\"@id\":\"http:\/\/tiertherapie-doehla.de\/#website\",\"url\":\"http:\/\/tiertherapie-doehla.de\/\",\"name\":\"Tiertherapie Alexandra D\u00f6hla\",\"description\":\"Physiotherapie f\u00fcr Pferde und Hunde\",\"publisher\":{\"@id\":\"http:\/\/tiertherapie-doehla.de\/#\/schema\/person\/2664bc569e262b2f58c68a413d9a1004\"},\"potentialAction\":[{\"@type\":\"SearchAction\",\"target\":{\"@type\":\"EntryPoint\",\"urlTemplate\":\"http:\/\/tiertherapie-doehla.de\/?s={search_term_string}\"},\"query-input\":{\"@type\":\"PropertyValueSpecification\",\"valueRequired\":true,\"valueName\":\"search_term_string\"}}],\"inLanguage\":\"de\"},{\"@type\":[\"Person\",\"Organization\"],\"@id\":\"http:\/\/tiertherapie-doehla.de\/#\/schema\/person\/2664bc569e262b2f58c68a413d9a1004\",\"name\":\"admin\",\"image\":{\"@type\":\"ImageObject\",\"inLanguage\":\"de\",\"@id\":\"http:\/\/tiertherapie-doehla.de\/#\/schema\/person\/image\/\",\"url\":\"http:\/\/tiertherapie-doehla.de\/wp-content\/uploads\/2023\/02\/Logo-min-1.jpg\",\"contentUrl\":\"http:\/\/tiertherapie-doehla.de\/wp-content\/uploads\/2023\/02\/Logo-min-1.jpg\",\"width\":500,\"height\":500,\"caption\":\"admin\"},\"logo\":{\"@id\":\"http:\/\/tiertherapie-doehla.de\/#\/schema\/person\/image\/\"},\"sameAs\":[\"http:\/\/tiertherapie-doehla.de\"]}]}<\/script>\n<!-- \/ Yoast SEO plugin. -->","yoast_head_json":{"title":"Aromatherapie - Tiertherapie Alexandra D\u00f6hla","robots":{"index":"index","follow":"follow","max-snippet":"max-snippet:-1","max-image-preview":"max-image-preview:large","max-video-preview":"max-video-preview:-1"},"canonical":"http:\/\/tiertherapie-doehla.de\/?page_id=142","og_locale":"de_DE","og_type":"article","og_title":"Aromatherapie - Tiertherapie Alexandra D\u00f6hla","og_description":"Die Aromatherapie ist einsetzbar bei seelischen Unruhezust\u00e4nden, aber auch bei k\u00f6rperlichen Beschwerden, wie z.B. Verspannungen der Muskulatur. Hier sind Aromamassagen ideal geeignet. Es gibt eine Vielzahl von verschiedenen \u00d6len &#8211; je nachdem, wo die Probleme deines Tieres liegen, w\u00e4hle ich das passende aus. Die \u00d6le k\u00f6nnen z.B. anregen oder entspannen und wirken auf psychischer und [&hellip;]","og_url":"http:\/\/tiertherapie-doehla.de\/?page_id=142","og_site_name":"Tiertherapie Alexandra D\u00f6hla","article_modified_time":"2023-08-02T08:01:32+00:00","og_image":[{"url":"http:\/\/tiertherapie-doehla.de\/wp-content\/uploads\/2023\/02\/Picsart_23-02-09_20-07-47-636-min-966x1024.jpg","type":"","width":"","height":""}],"twitter_card":"summary_large_image","twitter_misc":{"Gesch\u00e4tzte Lesezeit":"1\u00a0Minute"},"schema":{"@context":"https:\/\/schema.org","@graph":[{"@type":"WebPage","@id":"http:\/\/tiertherapie-doehla.de\/?page_id=142","url":"http:\/\/tiertherapie-doehla.de\/?page_id=142","name":"Aromatherapie - Tiertherapie Alexandra D\u00f6hla","isPartOf":{"@id":"http:\/\/tiertherapie-doehla.de\/#website"},"primaryImageOfPage":{"@id":"http:\/\/tiertherapie-doehla.de\/?page_id=142#primaryimage"},"image":{"@id":"http:\/\/tiertherapie-doehla.de\/?page_id=142#primaryimage"},"thumbnailUrl":"http:\/\/tiertherapie-doehla.de\/wp-content\/uploads\/2023\/02\/Picsart_23-02-09_20-07-47-636-min-966x1024.jpg","datePublished":"2023-02-04T15:36:43+00:00","dateModified":"2023-08-02T08:01:32+00:00","breadcrumb":{"@id":"http:\/\/tiertherapie-doehla.de\/?page_id=142#breadcrumb"},"inLanguage":"de","potentialAction":[{"@type":"ReadAction","target":["http:\/\/tiertherapie-doehla.de\/?page_id=142"]}]},{"@type":"ImageObject","inLanguage":"de","@id":"http:\/\/tiertherapie-doehla.de\/?page_id=142#primaryimage","url":"http:\/\/tiertherapie-doehla.de\/wp-content\/uploads\/2023\/02\/Picsart_23-02-09_20-07-47-636-min-scaled.jpg","contentUrl":"http:\/\/tiertherapie-doehla.de\/wp-content\/uploads\/2023\/02\/Picsart_23-02-09_20-07-47-636-min-scaled.jpg","width":2415,"height":2560,"caption":"Aromatherapie"},{"@type":"BreadcrumbList","@id":"http:\/\/tiertherapie-doehla.de\/?page_id=142#breadcrumb","itemListElement":[{"@type":"ListItem","position":1,"name":"Startseite","item":"http:\/\/tiertherapie-doehla.de\/"},{"@type":"ListItem","position":2,"name":"Aromatherapie"}]},{"@type":"WebSite","@id":"http:\/\/tiertherapie-doehla.de\/#website","url":"http:\/\/tiertherapie-doehla.de\/","name":"Tiertherapie Alexandra D\u00f6hla","description":"Physiotherapie f\u00fcr Pferde und Hunde","publisher":{"@id":"http:\/\/tiertherapie-doehla.de\/#\/schema\/person\/2664bc569e262b2f58c68a413d9a1004"},"potentialAction":[{"@type":"SearchAction","target":{"@type":"EntryPoint","urlTemplate":"http:\/\/tiertherapie-doehla.de\/?s={search_term_string}"},"query-input":{"@type":"PropertyValueSpecification","valueRequired":true,"valueName":"search_term_string"}}],"inLanguage":"de"},{"@type":["Person","Organization"],"@id":"http:\/\/tiertherapie-doehla.de\/#\/schema\/person\/2664bc569e262b2f58c68a413d9a1004","name":"admin","image":{"@type":"ImageObject","inLanguage":"de","@id":"http:\/\/tiertherapie-doehla.de\/#\/schema\/person\/image\/","url":"http:\/\/tiertherapie-doehla.de\/wp-content\/uploads\/2023\/02\/Logo-min-1.jpg","contentUrl":"http:\/\/tiertherapie-doehla.de\/wp-content\/uploads\/2023\/02\/Logo-min-1.jpg","width":500,"height":500,"caption":"admin"},"logo":{"@id":"http:\/\/tiertherapie-doehla.de\/#\/schema\/person\/image\/"},"sameAs":["http:\/\/tiertherapie-doehla.de"]}]}},"_links":{"self":[{"href":"http:\/\/tiertherapie-doehla.de\/index.php?rest_route=\/wp\/v2\/pages\/142","targetHints":{"allow":["GET"]}}],"collection":[{"href":"http:\/\/tiertherapie-doehla.de\/index.php?rest_route=\/wp\/v2\/pages"}],"about":[{"href":"http:\/\/tiertherapie-doehla.de\/index.php?rest_route=\/wp\/v2\/types\/page"}],"author":[{"embeddable":true,"href":"http:\/\/tiertherapie-doehla.de\/index.php?rest_route=\/wp\/v2\/users\/1"}],"replies":[{"embeddable":true,"href":"http:\/\/tiertherapie-doehla.de\/index.php?rest_route=%2Fwp%2Fv2%2Fcomments&post=142"}],"version-history":[{"count":22,"href":"http:\/\/tiertherapie-doehla.de\/index.php?rest_route=\/wp\/v2\/pages\/142\/revisions"}],"predecessor-version":[{"id":812,"href":"http:\/\/tiertherapie-doehla.de\/index.php?rest_route=\/wp\/v2\/pages\/142\/revisions\/812"}],"wp:attachment":[{"href":"http:\/\/tiertherapie-doehla.de\/index.php?rest_route=%2Fwp%2Fv2%2Fmedia&parent=142"}],"curies":[{"name":"wp","href":"https:\/\/api.w.org\/{rel}","templated":true}]}}