{"id":157,"date":"2023-02-04T15:42:57","date_gmt":"2023-02-04T15:42:57","guid":{"rendered":"http:\/\/tiertherapie-doehla.de\/?page_id=157"},"modified":"2023-05-11T09:05:18","modified_gmt":"2023-05-11T09:05:18","slug":"informationen","status":"publish","type":"page","link":"http:\/\/tiertherapie-doehla.de\/?page_id=157","title":{"rendered":"Informationen"},"content":{"rendered":"\t\t<div data-elementor-type=\"wp-page\" data-elementor-id=\"157\" class=\"elementor elementor-157\" data-elementor-post-type=\"page\">\n\t\t\t\t\t\t<section class=\"elementor-section elementor-top-section elementor-element elementor-element-fd1eb1e elementor-section-stretched elementor-section-boxed elementor-section-height-default elementor-section-height-default\" data-id=\"fd1eb1e\" data-element_type=\"section\" data-settings=\"{&quot;stretch_section&quot;:&quot;section-stretched&quot;}\">\n\t\t\t\t\t\t<div class=\"elementor-container elementor-column-gap-default\">\n\t\t\t\t\t<div class=\"elementor-column elementor-col-100 elementor-top-column elementor-element elementor-element-c4f58d1\" data-id=\"c4f58d1\" data-element_type=\"column\">\n\t\t\t<div class=\"elementor-widget-wrap elementor-element-populated\">\n\t\t\t\t\t\t<div class=\"elementor-element elementor-element-2e569b4 elementor-widget elementor-widget-image\" data-id=\"2e569b4\" data-element_type=\"widget\" data-widget_type=\"image.default\">\n\t\t\t\t<div class=\"elementor-widget-container\">\n\t\t\t\t\t\t\t\t\t\t\t\t\t\t\t<img fetchpriority=\"high\" decoding=\"async\" width=\"676\" height=\"359\" src=\"http:\/\/tiertherapie-doehla.de\/wp-content\/uploads\/2023\/05\/DSC_0078-min2-768x408.jpg\" class=\"attachment-medium_large size-medium_large wp-image-541\" alt=\"\" srcset=\"http:\/\/tiertherapie-doehla.de\/wp-content\/uploads\/2023\/05\/DSC_0078-min2-768x408.jpg 768w, http:\/\/tiertherapie-doehla.de\/wp-content\/uploads\/2023\/05\/DSC_0078-min2-300x159.jpg 300w, http:\/\/tiertherapie-doehla.de\/wp-content\/uploads\/2023\/05\/DSC_0078-min2-1024x543.jpg 1024w, http:\/\/tiertherapie-doehla.de\/wp-content\/uploads\/2023\/05\/DSC_0078-min2-1536x815.jpg 1536w, http:\/\/tiertherapie-doehla.de\/wp-content\/uploads\/2023\/05\/DSC_0078-min2-2048x1087.jpg 2048w, http:\/\/tiertherapie-doehla.de\/wp-content\/uploads\/2023\/05\/DSC_0078-min2-676x359.jpg 676w\" sizes=\"(max-width: 676px) 100vw, 676px\" \/>\t\t\t\t\t\t\t\t\t\t\t\t\t\t\t<\/div>\n\t\t\t\t<\/div>\n\t\t\t\t\t<\/div>\n\t\t<\/div>\n\t\t\t\t\t<\/div>\n\t\t<\/section>\n\t\t\t\t<section class=\"elementor-section elementor-top-section elementor-element elementor-element-6fbe051 elementor-section-stretched elementor-section-boxed elementor-section-height-default elementor-section-height-default\" data-id=\"6fbe051\" data-element_type=\"section\" data-settings=\"{&quot;stretch_section&quot;:&quot;section-stretched&quot;}\">\n\t\t\t\t\t\t<div class=\"elementor-container elementor-column-gap-default\">\n\t\t\t\t\t<div class=\"elementor-column elementor-col-100 elementor-top-column elementor-element elementor-element-4fe39e7\" data-id=\"4fe39e7\" data-element_type=\"column\">\n\t\t\t<div class=\"elementor-widget-wrap elementor-element-populated\">\n\t\t\t\t\t\t<div class=\"elementor-element elementor-element-dfc60a7 elementor-widget elementor-widget-spacer\" data-id=\"dfc60a7\" data-element_type=\"widget\" data-widget_type=\"spacer.default\">\n\t\t\t\t<div class=\"elementor-widget-container\">\n\t\t\t\t\t\t\t<div class=\"elementor-spacer\">\n\t\t\t<div class=\"elementor-spacer-inner\"><\/div>\n\t\t<\/div>\n\t\t\t\t\t\t<\/div>\n\t\t\t\t<\/div>\n\t\t\t\t<div class=\"elementor-element elementor-element-c62fbf1 elementor-widget elementor-widget-text-editor\" data-id=\"c62fbf1\" data-element_type=\"widget\" data-widget_type=\"text-editor.default\">\n\t\t\t\t<div class=\"elementor-widget-container\">\n\t\t\t\t\t\t\t\t\t<p><strong>Ist Physiotherapie auch beim gesunden Tier sinnvoll?<\/strong><\/p><p>Physiotherapie kann sowohl pr\u00e4ventiv als auch in akuten F\u00e4llen und rehabilitativ eingesetzt werden. Bei Problemen wie z.B. Arthrose oder nach OPs ist der Gang zum Tierphysiotherapeuten zum Gl\u00fcck heutzutage relativ \u00fcblich geworden. Doch braucht auch ein Tier ohne offensichtliche Beschwerden einen Physiotherapeuten? Meine Antwort lautet definitiv &#8222;Ja!&#8220;. Warum? Kleine Probleme wie z.B. Blockaden, Verspannungen oder Fehlstellungen fallen dem Besitzer oft gar nicht auf. Bestehen diese Probleme aber \u00fcber einen l\u00e4ngeren Zeitraum, k\u00f6nnen sie immer schlimmer werden und zu Fehlbelastungen f\u00fchren, was wiederum zu immer mehr Beschwerden f\u00fchrt. Unsere Tiere sind Meister im Z\u00e4hne zusammenbei\u00dfen. Sie zeigen oft erst sehr sp\u00e4t, wenn sie Schmerzen haben &#8211; und dann ist es oft schon zu sp\u00e4t. Au\u00dferdem: Je l\u00e4nger ein Problem besteht, desto schwerer l\u00e4sst es sich behandeln. Deshalb empfehle ich auch scheinbar gesunden Tieren einen halbj\u00e4hrlichen physiotherapeutischen Checkup. Vorsorge ist besser als Nachsorge und erspart eurem Tier oft viele Leiden. Egal ob euer Tier jung oder alt ist, im Sport l\u00e4uft oder nicht, eine regelm\u00e4\u00dfige Behandlung ist immer sinnvoll.\u00a0<\/p><p>\u00a0<\/p><p>Hier findest du alle wichtigen Informationen zur Behandlung. Bei weiteren Fragen kannst du mich nat\u00fcrlich jederzeit gerne kontaktieren!<\/p><p>\u00a0<\/p>\t\t\t\t\t\t\t\t<\/div>\n\t\t\t\t<\/div>\n\t\t\t\t\t<\/div>\n\t\t<\/div>\n\t\t\t\t\t<\/div>\n\t\t<\/section>\n\t\t\t\t<\/div>\n\t\t","protected":false},"excerpt":{"rendered":"<p>Ist Physiotherapie auch beim gesunden Tier sinnvoll? Physiotherapie kann sowohl pr\u00e4ventiv als auch in akuten F\u00e4llen und rehabilitativ eingesetzt werden. Bei Problemen wie z.B. Arthrose oder nach OPs ist der Gang zum Tierphysiotherapeuten zum Gl\u00fcck heutzutage relativ \u00fcblich geworden. Doch braucht auch ein Tier ohne offensichtliche Beschwerden einen Physiotherapeuten? Meine Antwort lautet definitiv &#8222;Ja!&#8220;. Warum? [&hellip;]<\/p>\n","protected":false},"author":1,"featured_media":0,"parent":0,"menu_order":0,"comment_status":"closed","ping_status":"closed","template":"","meta":{"footnotes":""},"class_list":["post-157","page","type-page","status-publish","hentry","post-preview"],"yoast_head":"<!-- This site is optimized with the Yoast SEO plugin v26.3 - https:\/\/yoast.com\/wordpress\/plugins\/seo\/ -->\n<title>Informationen - Tiertherapie Alexandra D\u00f6hla<\/title>\n<meta name=\"robots\" content=\"index, follow, max-snippet:-1, max-image-preview:large, max-video-preview:-1\" \/>\n<link rel=\"canonical\" href=\"https:\/\/tiertherapie-doehla.de\/?page_id=157\" \/>\n<meta property=\"og:locale\" content=\"de_DE\" \/>\n<meta property=\"og:type\" content=\"article\" \/>\n<meta property=\"og:title\" content=\"Informationen - Tiertherapie Alexandra D\u00f6hla\" \/>\n<meta property=\"og:description\" content=\"Ist Physiotherapie auch beim gesunden Tier sinnvoll? Physiotherapie kann sowohl pr\u00e4ventiv als auch in akuten F\u00e4llen und rehabilitativ eingesetzt werden. Bei Problemen wie z.B. Arthrose oder nach OPs ist der Gang zum Tierphysiotherapeuten zum Gl\u00fcck heutzutage relativ \u00fcblich geworden. Doch braucht auch ein Tier ohne offensichtliche Beschwerden einen Physiotherapeuten? Meine Antwort lautet definitiv &#8222;Ja!&#8220;. Warum? [&hellip;]\" \/>\n<meta property=\"og:url\" content=\"https:\/\/tiertherapie-doehla.de\/?page_id=157\" \/>\n<meta property=\"og:site_name\" content=\"Tiertherapie Alexandra D\u00f6hla\" \/>\n<meta property=\"article:modified_time\" content=\"2023-05-11T09:05:18+00:00\" \/>\n<meta property=\"og:image\" content=\"http:\/\/tiertherapie-doehla.de\/wp-content\/uploads\/2023\/05\/DSC_0078-min2-768x408.jpg\" \/>\n<meta name=\"twitter:card\" content=\"summary_large_image\" \/>\n<meta name=\"twitter:label1\" content=\"Gesch\u00e4tzte Lesezeit\" \/>\n\t<meta name=\"twitter:data1\" content=\"1\u00a0Minute\" \/>\n<script type=\"application\/ld+json\" class=\"yoast-schema-graph\">{\"@context\":\"https:\/\/schema.org\",\"@graph\":[{\"@type\":\"WebPage\",\"@id\":\"https:\/\/tiertherapie-doehla.de\/?page_id=157\",\"url\":\"https:\/\/tiertherapie-doehla.de\/?page_id=157\",\"name\":\"Informationen - Tiertherapie Alexandra D\u00f6hla\",\"isPartOf\":{\"@id\":\"https:\/\/tiertherapie-doehla.de\/#website\"},\"primaryImageOfPage\":{\"@id\":\"https:\/\/tiertherapie-doehla.de\/?page_id=157#primaryimage\"},\"image\":{\"@id\":\"https:\/\/tiertherapie-doehla.de\/?page_id=157#primaryimage\"},\"thumbnailUrl\":\"http:\/\/tiertherapie-doehla.de\/wp-content\/uploads\/2023\/05\/DSC_0078-min2-768x408.jpg\",\"datePublished\":\"2023-02-04T15:42:57+00:00\",\"dateModified\":\"2023-05-11T09:05:18+00:00\",\"breadcrumb\":{\"@id\":\"https:\/\/tiertherapie-doehla.de\/?page_id=157#breadcrumb\"},\"inLanguage\":\"de\",\"potentialAction\":[{\"@type\":\"ReadAction\",\"target\":[\"https:\/\/tiertherapie-doehla.de\/?page_id=157\"]}]},{\"@type\":\"ImageObject\",\"inLanguage\":\"de\",\"@id\":\"https:\/\/tiertherapie-doehla.de\/?page_id=157#primaryimage\",\"url\":\"http:\/\/tiertherapie-doehla.de\/wp-content\/uploads\/2023\/05\/DSC_0078-min2-scaled.jpg\",\"contentUrl\":\"http:\/\/tiertherapie-doehla.de\/wp-content\/uploads\/2023\/05\/DSC_0078-min2-scaled.jpg\",\"width\":2560,\"height\":1358,\"caption\":\"Isl\u00e4nder spielend\"},{\"@type\":\"BreadcrumbList\",\"@id\":\"https:\/\/tiertherapie-doehla.de\/?page_id=157#breadcrumb\",\"itemListElement\":[{\"@type\":\"ListItem\",\"position\":1,\"name\":\"Startseite\",\"item\":\"https:\/\/tiertherapie-doehla.de\/\"},{\"@type\":\"ListItem\",\"position\":2,\"name\":\"Informationen\"}]},{\"@type\":\"WebSite\",\"@id\":\"https:\/\/tiertherapie-doehla.de\/#website\",\"url\":\"https:\/\/tiertherapie-doehla.de\/\",\"name\":\"Tiertherapie Alexandra D\u00f6hla\",\"description\":\"Physiotherapie f\u00fcr Pferde und Hunde\",\"publisher\":{\"@id\":\"https:\/\/tiertherapie-doehla.de\/#\/schema\/person\/2664bc569e262b2f58c68a413d9a1004\"},\"potentialAction\":[{\"@type\":\"SearchAction\",\"target\":{\"@type\":\"EntryPoint\",\"urlTemplate\":\"https:\/\/tiertherapie-doehla.de\/?s={search_term_string}\"},\"query-input\":{\"@type\":\"PropertyValueSpecification\",\"valueRequired\":true,\"valueName\":\"search_term_string\"}}],\"inLanguage\":\"de\"},{\"@type\":[\"Person\",\"Organization\"],\"@id\":\"https:\/\/tiertherapie-doehla.de\/#\/schema\/person\/2664bc569e262b2f58c68a413d9a1004\",\"name\":\"admin\",\"image\":{\"@type\":\"ImageObject\",\"inLanguage\":\"de\",\"@id\":\"https:\/\/tiertherapie-doehla.de\/#\/schema\/person\/image\/\",\"url\":\"http:\/\/tiertherapie-doehla.de\/wp-content\/uploads\/2023\/02\/Logo-min-1.jpg\",\"contentUrl\":\"http:\/\/tiertherapie-doehla.de\/wp-content\/uploads\/2023\/02\/Logo-min-1.jpg\",\"width\":500,\"height\":500,\"caption\":\"admin\"},\"logo\":{\"@id\":\"https:\/\/tiertherapie-doehla.de\/#\/schema\/person\/image\/\"},\"sameAs\":[\"http:\/\/tiertherapie-doehla.de\"]}]}<\/script>\n<!-- \/ Yoast SEO plugin. -->","yoast_head_json":{"title":"Informationen - Tiertherapie Alexandra D\u00f6hla","robots":{"index":"index","follow":"follow","max-snippet":"max-snippet:-1","max-image-preview":"max-image-preview:large","max-video-preview":"max-video-preview:-1"},"canonical":"https:\/\/tiertherapie-doehla.de\/?page_id=157","og_locale":"de_DE","og_type":"article","og_title":"Informationen - Tiertherapie Alexandra D\u00f6hla","og_description":"Ist Physiotherapie auch beim gesunden Tier sinnvoll? Physiotherapie kann sowohl pr\u00e4ventiv als auch in akuten F\u00e4llen und rehabilitativ eingesetzt werden. Bei Problemen wie z.B. Arthrose oder nach OPs ist der Gang zum Tierphysiotherapeuten zum Gl\u00fcck heutzutage relativ \u00fcblich geworden. Doch braucht auch ein Tier ohne offensichtliche Beschwerden einen Physiotherapeuten? Meine Antwort lautet definitiv &#8222;Ja!&#8220;. Warum? [&hellip;]","og_url":"https:\/\/tiertherapie-doehla.de\/?page_id=157","og_site_name":"Tiertherapie Alexandra D\u00f6hla","article_modified_time":"2023-05-11T09:05:18+00:00","og_image":[{"url":"http:\/\/tiertherapie-doehla.de\/wp-content\/uploads\/2023\/05\/DSC_0078-min2-768x408.jpg","type":"","width":"","height":""}],"twitter_card":"summary_large_image","twitter_misc":{"Gesch\u00e4tzte Lesezeit":"1\u00a0Minute"},"schema":{"@context":"https:\/\/schema.org","@graph":[{"@type":"WebPage","@id":"https:\/\/tiertherapie-doehla.de\/?page_id=157","url":"https:\/\/tiertherapie-doehla.de\/?page_id=157","name":"Informationen - Tiertherapie Alexandra D\u00f6hla","isPartOf":{"@id":"https:\/\/tiertherapie-doehla.de\/#website"},"primaryImageOfPage":{"@id":"https:\/\/tiertherapie-doehla.de\/?page_id=157#primaryimage"},"image":{"@id":"https:\/\/tiertherapie-doehla.de\/?page_id=157#primaryimage"},"thumbnailUrl":"http:\/\/tiertherapie-doehla.de\/wp-content\/uploads\/2023\/05\/DSC_0078-min2-768x408.jpg","datePublished":"2023-02-04T15:42:57+00:00","dateModified":"2023-05-11T09:05:18+00:00","breadcrumb":{"@id":"https:\/\/tiertherapie-doehla.de\/?page_id=157#breadcrumb"},"inLanguage":"de","potentialAction":[{"@type":"ReadAction","target":["https:\/\/tiertherapie-doehla.de\/?page_id=157"]}]},{"@type":"ImageObject","inLanguage":"de","@id":"https:\/\/tiertherapie-doehla.de\/?page_id=157#primaryimage","url":"http:\/\/tiertherapie-doehla.de\/wp-content\/uploads\/2023\/05\/DSC_0078-min2-scaled.jpg","contentUrl":"http:\/\/tiertherapie-doehla.de\/wp-content\/uploads\/2023\/05\/DSC_0078-min2-scaled.jpg","width":2560,"height":1358,"caption":"Isl\u00e4nder spielend"},{"@type":"BreadcrumbList","@id":"https:\/\/tiertherapie-doehla.de\/?page_id=157#breadcrumb","itemListElement":[{"@type":"ListItem","position":1,"name":"Startseite","item":"https:\/\/tiertherapie-doehla.de\/"},{"@type":"ListItem","position":2,"name":"Informationen"}]},{"@type":"WebSite","@id":"https:\/\/tiertherapie-doehla.de\/#website","url":"https:\/\/tiertherapie-doehla.de\/","name":"Tiertherapie Alexandra D\u00f6hla","description":"Physiotherapie f\u00fcr Pferde und Hunde","publisher":{"@id":"https:\/\/tiertherapie-doehla.de\/#\/schema\/person\/2664bc569e262b2f58c68a413d9a1004"},"potentialAction":[{"@type":"SearchAction","target":{"@type":"EntryPoint","urlTemplate":"https:\/\/tiertherapie-doehla.de\/?s={search_term_string}"},"query-input":{"@type":"PropertyValueSpecification","valueRequired":true,"valueName":"search_term_string"}}],"inLanguage":"de"},{"@type":["Person","Organization"],"@id":"https:\/\/tiertherapie-doehla.de\/#\/schema\/person\/2664bc569e262b2f58c68a413d9a1004","name":"admin","image":{"@type":"ImageObject","inLanguage":"de","@id":"https:\/\/tiertherapie-doehla.de\/#\/schema\/person\/image\/","url":"http:\/\/tiertherapie-doehla.de\/wp-content\/uploads\/2023\/02\/Logo-min-1.jpg","contentUrl":"http:\/\/tiertherapie-doehla.de\/wp-content\/uploads\/2023\/02\/Logo-min-1.jpg","width":500,"height":500,"caption":"admin"},"logo":{"@id":"https:\/\/tiertherapie-doehla.de\/#\/schema\/person\/image\/"},"sameAs":["http:\/\/tiertherapie-doehla.de"]}]}},"_links":{"self":[{"href":"http:\/\/tiertherapie-doehla.de\/index.php?rest_route=\/wp\/v2\/pages\/157","targetHints":{"allow":["GET"]}}],"collection":[{"href":"http:\/\/tiertherapie-doehla.de\/index.php?rest_route=\/wp\/v2\/pages"}],"about":[{"href":"http:\/\/tiertherapie-doehla.de\/index.php?rest_route=\/wp\/v2\/types\/page"}],"author":[{"embeddable":true,"href":"http:\/\/tiertherapie-doehla.de\/index.php?rest_route=\/wp\/v2\/users\/1"}],"replies":[{"embeddable":true,"href":"http:\/\/tiertherapie-doehla.de\/index.php?rest_route=%2Fwp%2Fv2%2Fcomments&post=157"}],"version-history":[{"count":10,"href":"http:\/\/tiertherapie-doehla.de\/index.php?rest_route=\/wp\/v2\/pages\/157\/revisions"}],"predecessor-version":[{"id":547,"href":"http:\/\/tiertherapie-doehla.de\/index.php?rest_route=\/wp\/v2\/pages\/157\/revisions\/547"}],"wp:attachment":[{"href":"http:\/\/tiertherapie-doehla.de\/index.php?rest_route=%2Fwp%2Fv2%2Fmedia&parent=157"}],"curies":[{"name":"wp","href":"https:\/\/api.w.org\/{rel}","templated":true}]}}