{"id":161,"date":"2023-02-04T15:42:57","date_gmt":"2023-02-04T15:42:57","guid":{"rendered":"http:\/\/tiertherapie-doehla.de\/?page_id=161"},"modified":"2023-04-22T09:03:02","modified_gmt":"2023-04-22T09:03:02","slug":"ablauf-erstbehandlung","status":"publish","type":"page","link":"http:\/\/tiertherapie-doehla.de\/?page_id=161","title":{"rendered":"Ablauf Erstbehandlung"},"content":{"rendered":"\t\t<div data-elementor-type=\"wp-page\" data-elementor-id=\"161\" class=\"elementor elementor-161\" data-elementor-post-type=\"page\">\n\t\t\t\t\t\t<section class=\"elementor-section elementor-top-section elementor-element elementor-element-ffc7b0d elementor-section-stretched elementor-section-boxed elementor-section-height-default elementor-section-height-default\" data-id=\"ffc7b0d\" data-element_type=\"section\" data-settings=\"{&quot;stretch_section&quot;:&quot;section-stretched&quot;}\">\n\t\t\t\t\t\t<div class=\"elementor-container elementor-column-gap-default\">\n\t\t\t\t\t<div class=\"elementor-column elementor-col-100 elementor-top-column elementor-element elementor-element-8debe1c\" data-id=\"8debe1c\" data-element_type=\"column\">\n\t\t\t<div class=\"elementor-widget-wrap elementor-element-populated\">\n\t\t\t\t\t\t<div class=\"elementor-element elementor-element-cb30dd1 elementor-widget elementor-widget-image\" data-id=\"cb30dd1\" data-element_type=\"widget\" data-widget_type=\"image.default\">\n\t\t\t\t<div class=\"elementor-widget-container\">\n\t\t\t\t\t\t\t\t\t\t\t\t\t\t\t<img fetchpriority=\"high\" decoding=\"async\" width=\"676\" height=\"451\" src=\"http:\/\/tiertherapie-doehla.de\/wp-content\/uploads\/2023\/04\/Jolie-min-676x451.jpg\" class=\"attachment-post-image size-post-image wp-image-484\" alt=\"\" srcset=\"http:\/\/tiertherapie-doehla.de\/wp-content\/uploads\/2023\/04\/Jolie-min-676x451.jpg 676w, http:\/\/tiertherapie-doehla.de\/wp-content\/uploads\/2023\/04\/Jolie-min-300x200.jpg 300w, http:\/\/tiertherapie-doehla.de\/wp-content\/uploads\/2023\/04\/Jolie-min-1024x683.jpg 1024w, http:\/\/tiertherapie-doehla.de\/wp-content\/uploads\/2023\/04\/Jolie-min-768x512.jpg 768w, http:\/\/tiertherapie-doehla.de\/wp-content\/uploads\/2023\/04\/Jolie-min-1536x1024.jpg 1536w, http:\/\/tiertherapie-doehla.de\/wp-content\/uploads\/2023\/04\/Jolie-min-2048x1365.jpg 2048w\" sizes=\"(max-width: 676px) 100vw, 676px\" \/>\t\t\t\t\t\t\t\t\t\t\t\t\t\t\t<\/div>\n\t\t\t\t<\/div>\n\t\t\t\t\t<\/div>\n\t\t<\/div>\n\t\t\t\t\t<\/div>\n\t\t<\/section>\n\t\t\t\t<section class=\"elementor-section elementor-top-section elementor-element elementor-element-05ff9e8 elementor-section-stretched elementor-section-boxed elementor-section-height-default elementor-section-height-default\" data-id=\"05ff9e8\" data-element_type=\"section\" data-settings=\"{&quot;stretch_section&quot;:&quot;section-stretched&quot;}\">\n\t\t\t\t\t\t<div class=\"elementor-container elementor-column-gap-default\">\n\t\t\t\t\t<div class=\"elementor-column elementor-col-100 elementor-top-column elementor-element elementor-element-635efd2\" data-id=\"635efd2\" data-element_type=\"column\">\n\t\t\t<div class=\"elementor-widget-wrap elementor-element-populated\">\n\t\t\t\t\t\t<div class=\"elementor-element elementor-element-4c32ac9 elementor-widget elementor-widget-spacer\" data-id=\"4c32ac9\" data-element_type=\"widget\" data-widget_type=\"spacer.default\">\n\t\t\t\t<div class=\"elementor-widget-container\">\n\t\t\t\t\t\t\t<div class=\"elementor-spacer\">\n\t\t\t<div class=\"elementor-spacer-inner\"><\/div>\n\t\t<\/div>\n\t\t\t\t\t\t<\/div>\n\t\t\t\t<\/div>\n\t\t\t\t<div class=\"elementor-element elementor-element-90b5a97 elementor-widget elementor-widget-text-editor\" data-id=\"90b5a97\" data-element_type=\"widget\" data-widget_type=\"text-editor.default\">\n\t\t\t\t<div class=\"elementor-widget-container\">\n\t\t\t\t\t\t\t\t\t<p><span style=\"text-decoration: underline;\"><strong>Ablauf einer physiotherapeutischen Erstbehandlung<\/strong><\/span><\/p><p><span style=\"text-decoration: underline;\">1.Anamnese<\/span><\/p><p>Als erstes erz\u00e4hlst du mir alles Wichtige \u00fcber dein Tier. Wo kommt es her? Wie alt ist es? Welche Vorerkrankungen hat es? Wie wird es gehalten? Bekommt es aktuell Medikamente? Hat es momentan gesundheitliche Probleme oder Auff\u00e4lligkeiten? Etc.<\/p><p>\u200b<\/p><p><u>2. Adspektion\u00a0<\/u><\/p><p>Adspektion bedeutet Sichtbefund, das hei\u00dft, ich schaue mir dein Tier einfach genau an und achte darauf, was mir rein optisch an ihm auff\u00e4llt, denn viele Verspannungen u.\u00e4. sind schon ohne Tastbefund zu erkennen. Ich schaue mir an, wie das Tier steht, wie es das Gewicht verlagert, welche K\u00f6rperbereiche es evtl. ent- oder \u00fcberlastet und ob irgendwo Muskelathrophien sichtbar sind. Denn gerade Probleme im Bewegungsapparat, die schon l\u00e4nger bestehen, zeigen sich sehr deutlich im Exterieur.<\/p><p>\u200b<\/p><p><u>3. Ganganalyse<\/u><\/p><p>Die Ganganalyse geh\u00f6rt quasi zur Adspektion, nur hier schaue ich mir das Tier in Bewegung an. Du f\u00fchrst mir deinen Hund an der Leine bzw. dein Pferd am Strick im Schritt und im Trab vor. So kann ich sehen, wo Unregelm\u00e4\u00dfigkeiten und St\u00f6rungen im Bewegungsablauf sind. Pferde schaue ich mir eventuell auch an der Longe an.<\/p><p>\u200b<\/p><p><u>4. Palpation<\/u><\/p><p>Palpation ist der Tastbefund. Hierbei taste ich dein Tier ab, pr\u00fcfe die Gelenke und die Wirbels\u00e4ule auf Blockaden bzw. Bewegungseinschr\u00e4nkungen und die Muskulatur auf Hyper- oder Hypotonus sowie z.B. Triggerpunkte.<\/p><p>\u00a0<\/p><p><u>5. Behandlung<\/u>\u00a0<\/p><p>Im Anschluss erfolgt die eigentliche Behandlung. Ich l\u00f6se die Blockaden und lockere Verspannungen durch Massagen und Dehnungen. Hinzu kommen je nach Befund evtl. auch andere Behandlungsmethoden wie z.B. Taping, Balancepads, Reizstromtherapie etc. Im Anschluss besprechen wir, wie es weiter geht und kl\u00e4ren alle offenen Fragen. Danach solltest du mit deinem Tier noch ca. 15 min spazieren gehen, damit es sich an das neue K\u00f6rpergef\u00fchl gew\u00f6hnen kann und um durch die Massagen angereichertes Laktat im Muskel abzubauen, um den folgenden Muskelkater m\u00f6glichst gering zu halten.<\/p>\t\t\t\t\t\t\t\t<\/div>\n\t\t\t\t<\/div>\n\t\t\t\t\t<\/div>\n\t\t<\/div>\n\t\t\t\t\t<\/div>\n\t\t<\/section>\n\t\t\t\t<\/div>\n\t\t","protected":false},"excerpt":{"rendered":"<p>Ablauf einer physiotherapeutischen Erstbehandlung 1.Anamnese Als erstes erz\u00e4hlst du mir alles Wichtige \u00fcber dein Tier. Wo kommt es her? Wie alt ist es? Welche Vorerkrankungen hat es? Wie wird es gehalten? Bekommt es aktuell Medikamente? Hat es momentan gesundheitliche Probleme oder Auff\u00e4lligkeiten? Etc. \u200b 2. Adspektion\u00a0 Adspektion bedeutet Sichtbefund, das hei\u00dft, ich schaue mir dein [&hellip;]<\/p>\n","protected":false},"author":1,"featured_media":0,"parent":0,"menu_order":0,"comment_status":"closed","ping_status":"closed","template":"","meta":{"footnotes":""},"class_list":["post-161","page","type-page","status-publish","hentry","post-preview"],"yoast_head":"<!-- This site is optimized with the Yoast SEO plugin v26.3 - https:\/\/yoast.com\/wordpress\/plugins\/seo\/ -->\n<title>Ablauf Erstbehandlung - Tiertherapie Alexandra D\u00f6hla<\/title>\n<meta name=\"robots\" content=\"index, follow, max-snippet:-1, max-image-preview:large, max-video-preview:-1\" \/>\n<link rel=\"canonical\" href=\"http:\/\/tiertherapie-doehla.de\/?page_id=161\" \/>\n<meta property=\"og:locale\" content=\"de_DE\" \/>\n<meta property=\"og:type\" content=\"article\" \/>\n<meta property=\"og:title\" content=\"Ablauf Erstbehandlung - Tiertherapie Alexandra D\u00f6hla\" \/>\n<meta property=\"og:description\" content=\"Ablauf einer physiotherapeutischen Erstbehandlung 1.Anamnese Als erstes erz\u00e4hlst du mir alles Wichtige \u00fcber dein Tier. Wo kommt es her? Wie alt ist es? Welche Vorerkrankungen hat es? Wie wird es gehalten? Bekommt es aktuell Medikamente? Hat es momentan gesundheitliche Probleme oder Auff\u00e4lligkeiten? Etc. \u200b 2. Adspektion\u00a0 Adspektion bedeutet Sichtbefund, das hei\u00dft, ich schaue mir dein [&hellip;]\" \/>\n<meta property=\"og:url\" content=\"http:\/\/tiertherapie-doehla.de\/?page_id=161\" \/>\n<meta property=\"og:site_name\" content=\"Tiertherapie Alexandra D\u00f6hla\" \/>\n<meta property=\"article:modified_time\" content=\"2023-04-22T09:03:02+00:00\" \/>\n<meta property=\"og:image\" content=\"http:\/\/tiertherapie-doehla.de\/wp-content\/uploads\/2023\/04\/Jolie-min-676x451.jpg\" \/>\n<meta name=\"twitter:card\" content=\"summary_large_image\" \/>\n<meta name=\"twitter:label1\" content=\"Gesch\u00e4tzte Lesezeit\" \/>\n\t<meta name=\"twitter:data1\" content=\"2\u00a0Minuten\" \/>\n<script type=\"application\/ld+json\" class=\"yoast-schema-graph\">{\"@context\":\"https:\/\/schema.org\",\"@graph\":[{\"@type\":\"WebPage\",\"@id\":\"http:\/\/tiertherapie-doehla.de\/?page_id=161\",\"url\":\"http:\/\/tiertherapie-doehla.de\/?page_id=161\",\"name\":\"Ablauf Erstbehandlung - Tiertherapie Alexandra D\u00f6hla\",\"isPartOf\":{\"@id\":\"https:\/\/tiertherapie-doehla.de\/#website\"},\"primaryImageOfPage\":{\"@id\":\"http:\/\/tiertherapie-doehla.de\/?page_id=161#primaryimage\"},\"image\":{\"@id\":\"http:\/\/tiertherapie-doehla.de\/?page_id=161#primaryimage\"},\"thumbnailUrl\":\"http:\/\/tiertherapie-doehla.de\/wp-content\/uploads\/2023\/04\/Jolie-min-676x451.jpg\",\"datePublished\":\"2023-02-04T15:42:57+00:00\",\"dateModified\":\"2023-04-22T09:03:02+00:00\",\"breadcrumb\":{\"@id\":\"http:\/\/tiertherapie-doehla.de\/?page_id=161#breadcrumb\"},\"inLanguage\":\"de\",\"potentialAction\":[{\"@type\":\"ReadAction\",\"target\":[\"http:\/\/tiertherapie-doehla.de\/?page_id=161\"]}]},{\"@type\":\"ImageObject\",\"inLanguage\":\"de\",\"@id\":\"http:\/\/tiertherapie-doehla.de\/?page_id=161#primaryimage\",\"url\":\"http:\/\/tiertherapie-doehla.de\/wp-content\/uploads\/2023\/04\/Jolie-min-scaled.jpg\",\"contentUrl\":\"http:\/\/tiertherapie-doehla.de\/wp-content\/uploads\/2023\/04\/Jolie-min-scaled.jpg\",\"width\":2560,\"height\":1707,\"caption\":\"Islandpferd\"},{\"@type\":\"BreadcrumbList\",\"@id\":\"http:\/\/tiertherapie-doehla.de\/?page_id=161#breadcrumb\",\"itemListElement\":[{\"@type\":\"ListItem\",\"position\":1,\"name\":\"Startseite\",\"item\":\"https:\/\/tiertherapie-doehla.de\/\"},{\"@type\":\"ListItem\",\"position\":2,\"name\":\"Ablauf Erstbehandlung\"}]},{\"@type\":\"WebSite\",\"@id\":\"https:\/\/tiertherapie-doehla.de\/#website\",\"url\":\"https:\/\/tiertherapie-doehla.de\/\",\"name\":\"Tiertherapie Alexandra D\u00f6hla\",\"description\":\"Physiotherapie f\u00fcr Pferde und Hunde\",\"publisher\":{\"@id\":\"https:\/\/tiertherapie-doehla.de\/#\/schema\/person\/2664bc569e262b2f58c68a413d9a1004\"},\"potentialAction\":[{\"@type\":\"SearchAction\",\"target\":{\"@type\":\"EntryPoint\",\"urlTemplate\":\"https:\/\/tiertherapie-doehla.de\/?s={search_term_string}\"},\"query-input\":{\"@type\":\"PropertyValueSpecification\",\"valueRequired\":true,\"valueName\":\"search_term_string\"}}],\"inLanguage\":\"de\"},{\"@type\":[\"Person\",\"Organization\"],\"@id\":\"https:\/\/tiertherapie-doehla.de\/#\/schema\/person\/2664bc569e262b2f58c68a413d9a1004\",\"name\":\"admin\",\"image\":{\"@type\":\"ImageObject\",\"inLanguage\":\"de\",\"@id\":\"https:\/\/tiertherapie-doehla.de\/#\/schema\/person\/image\/\",\"url\":\"http:\/\/tiertherapie-doehla.de\/wp-content\/uploads\/2023\/02\/Logo-min-1.jpg\",\"contentUrl\":\"http:\/\/tiertherapie-doehla.de\/wp-content\/uploads\/2023\/02\/Logo-min-1.jpg\",\"width\":500,\"height\":500,\"caption\":\"admin\"},\"logo\":{\"@id\":\"https:\/\/tiertherapie-doehla.de\/#\/schema\/person\/image\/\"},\"sameAs\":[\"http:\/\/tiertherapie-doehla.de\"]}]}<\/script>\n<!-- \/ Yoast SEO plugin. -->","yoast_head_json":{"title":"Ablauf Erstbehandlung - Tiertherapie Alexandra D\u00f6hla","robots":{"index":"index","follow":"follow","max-snippet":"max-snippet:-1","max-image-preview":"max-image-preview:large","max-video-preview":"max-video-preview:-1"},"canonical":"http:\/\/tiertherapie-doehla.de\/?page_id=161","og_locale":"de_DE","og_type":"article","og_title":"Ablauf Erstbehandlung - Tiertherapie Alexandra D\u00f6hla","og_description":"Ablauf einer physiotherapeutischen Erstbehandlung 1.Anamnese Als erstes erz\u00e4hlst du mir alles Wichtige \u00fcber dein Tier. Wo kommt es her? Wie alt ist es? Welche Vorerkrankungen hat es? Wie wird es gehalten? Bekommt es aktuell Medikamente? Hat es momentan gesundheitliche Probleme oder Auff\u00e4lligkeiten? Etc. \u200b 2. Adspektion\u00a0 Adspektion bedeutet Sichtbefund, das hei\u00dft, ich schaue mir dein [&hellip;]","og_url":"http:\/\/tiertherapie-doehla.de\/?page_id=161","og_site_name":"Tiertherapie Alexandra D\u00f6hla","article_modified_time":"2023-04-22T09:03:02+00:00","og_image":[{"url":"http:\/\/tiertherapie-doehla.de\/wp-content\/uploads\/2023\/04\/Jolie-min-676x451.jpg","type":"","width":"","height":""}],"twitter_card":"summary_large_image","twitter_misc":{"Gesch\u00e4tzte Lesezeit":"2\u00a0Minuten"},"schema":{"@context":"https:\/\/schema.org","@graph":[{"@type":"WebPage","@id":"http:\/\/tiertherapie-doehla.de\/?page_id=161","url":"http:\/\/tiertherapie-doehla.de\/?page_id=161","name":"Ablauf Erstbehandlung - Tiertherapie Alexandra D\u00f6hla","isPartOf":{"@id":"https:\/\/tiertherapie-doehla.de\/#website"},"primaryImageOfPage":{"@id":"http:\/\/tiertherapie-doehla.de\/?page_id=161#primaryimage"},"image":{"@id":"http:\/\/tiertherapie-doehla.de\/?page_id=161#primaryimage"},"thumbnailUrl":"http:\/\/tiertherapie-doehla.de\/wp-content\/uploads\/2023\/04\/Jolie-min-676x451.jpg","datePublished":"2023-02-04T15:42:57+00:00","dateModified":"2023-04-22T09:03:02+00:00","breadcrumb":{"@id":"http:\/\/tiertherapie-doehla.de\/?page_id=161#breadcrumb"},"inLanguage":"de","potentialAction":[{"@type":"ReadAction","target":["http:\/\/tiertherapie-doehla.de\/?page_id=161"]}]},{"@type":"ImageObject","inLanguage":"de","@id":"http:\/\/tiertherapie-doehla.de\/?page_id=161#primaryimage","url":"http:\/\/tiertherapie-doehla.de\/wp-content\/uploads\/2023\/04\/Jolie-min-scaled.jpg","contentUrl":"http:\/\/tiertherapie-doehla.de\/wp-content\/uploads\/2023\/04\/Jolie-min-scaled.jpg","width":2560,"height":1707,"caption":"Islandpferd"},{"@type":"BreadcrumbList","@id":"http:\/\/tiertherapie-doehla.de\/?page_id=161#breadcrumb","itemListElement":[{"@type":"ListItem","position":1,"name":"Startseite","item":"https:\/\/tiertherapie-doehla.de\/"},{"@type":"ListItem","position":2,"name":"Ablauf Erstbehandlung"}]},{"@type":"WebSite","@id":"https:\/\/tiertherapie-doehla.de\/#website","url":"https:\/\/tiertherapie-doehla.de\/","name":"Tiertherapie Alexandra D\u00f6hla","description":"Physiotherapie f\u00fcr Pferde und Hunde","publisher":{"@id":"https:\/\/tiertherapie-doehla.de\/#\/schema\/person\/2664bc569e262b2f58c68a413d9a1004"},"potentialAction":[{"@type":"SearchAction","target":{"@type":"EntryPoint","urlTemplate":"https:\/\/tiertherapie-doehla.de\/?s={search_term_string}"},"query-input":{"@type":"PropertyValueSpecification","valueRequired":true,"valueName":"search_term_string"}}],"inLanguage":"de"},{"@type":["Person","Organization"],"@id":"https:\/\/tiertherapie-doehla.de\/#\/schema\/person\/2664bc569e262b2f58c68a413d9a1004","name":"admin","image":{"@type":"ImageObject","inLanguage":"de","@id":"https:\/\/tiertherapie-doehla.de\/#\/schema\/person\/image\/","url":"http:\/\/tiertherapie-doehla.de\/wp-content\/uploads\/2023\/02\/Logo-min-1.jpg","contentUrl":"http:\/\/tiertherapie-doehla.de\/wp-content\/uploads\/2023\/02\/Logo-min-1.jpg","width":500,"height":500,"caption":"admin"},"logo":{"@id":"https:\/\/tiertherapie-doehla.de\/#\/schema\/person\/image\/"},"sameAs":["http:\/\/tiertherapie-doehla.de"]}]}},"_links":{"self":[{"href":"http:\/\/tiertherapie-doehla.de\/index.php?rest_route=\/wp\/v2\/pages\/161","targetHints":{"allow":["GET"]}}],"collection":[{"href":"http:\/\/tiertherapie-doehla.de\/index.php?rest_route=\/wp\/v2\/pages"}],"about":[{"href":"http:\/\/tiertherapie-doehla.de\/index.php?rest_route=\/wp\/v2\/types\/page"}],"author":[{"embeddable":true,"href":"http:\/\/tiertherapie-doehla.de\/index.php?rest_route=\/wp\/v2\/users\/1"}],"replies":[{"embeddable":true,"href":"http:\/\/tiertherapie-doehla.de\/index.php?rest_route=%2Fwp%2Fv2%2Fcomments&post=161"}],"version-history":[{"count":25,"href":"http:\/\/tiertherapie-doehla.de\/index.php?rest_route=\/wp\/v2\/pages\/161\/revisions"}],"predecessor-version":[{"id":487,"href":"http:\/\/tiertherapie-doehla.de\/index.php?rest_route=\/wp\/v2\/pages\/161\/revisions\/487"}],"wp:attachment":[{"href":"http:\/\/tiertherapie-doehla.de\/index.php?rest_route=%2Fwp%2Fv2%2Fmedia&parent=161"}],"curies":[{"name":"wp","href":"https:\/\/api.w.org\/{rel}","templated":true}]}}