{"id":140,"date":"2023-02-04T15:36:43","date_gmt":"2023-02-04T15:36:43","guid":{"rendered":"http:\/\/tiertherapie-doehla.de\/?page_id=140"},"modified":"2023-06-17T09:31:11","modified_gmt":"2023-06-17T09:31:11","slug":"tens-therapie","status":"publish","type":"page","link":"https:\/\/tiertherapie-doehla.de\/?page_id=140","title":{"rendered":"TENS-Therapie"},"content":{"rendered":"\t\t<div data-elementor-type=\"wp-page\" data-elementor-id=\"140\" class=\"elementor elementor-140\" data-elementor-post-type=\"page\">\n\t\t\t\t\t\t<section class=\"elementor-section elementor-top-section elementor-element elementor-element-c08e9d2 elementor-section-stretched elementor-section-boxed elementor-section-height-default elementor-section-height-default\" data-id=\"c08e9d2\" data-element_type=\"section\" data-settings=\"{&quot;stretch_section&quot;:&quot;section-stretched&quot;}\">\n\t\t\t\t\t\t<div class=\"elementor-container elementor-column-gap-default\">\n\t\t\t\t\t<div class=\"elementor-column elementor-col-50 elementor-top-column elementor-element elementor-element-74b2f4d\" data-id=\"74b2f4d\" data-element_type=\"column\">\n\t\t\t<div class=\"elementor-widget-wrap elementor-element-populated\">\n\t\t\t\t\t\t<div class=\"elementor-element elementor-element-6c356d9 elementor-widget elementor-widget-image\" data-id=\"6c356d9\" data-element_type=\"widget\" data-widget_type=\"image.default\">\n\t\t\t\t<div class=\"elementor-widget-container\">\n\t\t\t\t\t\t\t\t\t\t\t\t\t\t\t<img fetchpriority=\"high\" decoding=\"async\" width=\"676\" height=\"450\" src=\"https:\/\/tiertherapie-doehla.de\/wp-content\/uploads\/2023\/04\/IMG_2001-min2-1024x682.jpeg\" class=\"attachment-large size-large wp-image-438\" alt=\"\" srcset=\"https:\/\/tiertherapie-doehla.de\/wp-content\/uploads\/2023\/04\/IMG_2001-min2-1024x682.jpeg 1024w, https:\/\/tiertherapie-doehla.de\/wp-content\/uploads\/2023\/04\/IMG_2001-min2-300x200.jpeg 300w, https:\/\/tiertherapie-doehla.de\/wp-content\/uploads\/2023\/04\/IMG_2001-min2-768x511.jpeg 768w, https:\/\/tiertherapie-doehla.de\/wp-content\/uploads\/2023\/04\/IMG_2001-min2-676x450.jpeg 676w, https:\/\/tiertherapie-doehla.de\/wp-content\/uploads\/2023\/04\/IMG_2001-min2.jpeg 1514w\" sizes=\"(max-width: 676px) 100vw, 676px\" \/>\t\t\t\t\t\t\t\t\t\t\t\t\t\t\t<\/div>\n\t\t\t\t<\/div>\n\t\t\t\t\t<\/div>\n\t\t<\/div>\n\t\t\t\t<div class=\"elementor-column elementor-col-50 elementor-top-column elementor-element elementor-element-38a771c\" data-id=\"38a771c\" data-element_type=\"column\">\n\t\t\t<div class=\"elementor-widget-wrap elementor-element-populated\">\n\t\t\t\t\t\t<div class=\"elementor-element elementor-element-b56c5ff elementor-widget elementor-widget-text-editor\" data-id=\"b56c5ff\" data-element_type=\"widget\" data-widget_type=\"text-editor.default\">\n\t\t\t\t<div class=\"elementor-widget-container\">\n\t\t\t\t\t\t\t\t\t<p>TENS steht f\u00fcr Transkutane Elektrische Nerven-Stimulation. Dabei werden \u00fcber Elektroden sanfte elektrische Impulse auf die Haut und das Nervensystem \u00fcbertragen. Dort blockieren sie den Schmerz, indem sie verhindern, dass er vom Entstehungsbereich aus das Gehirn erreicht. Zudem wird die Produktion von Endorphinen (Gl\u00fcckshormonen) angeregt, welche eine schmerzstillende Wirkung haben. Au\u00dferdem wird die Muskelkontraktion angeregt und dadurch die Blutzirkulation gef\u00f6rdert.<\/p><p>Diese Therapiemethode eignet sich bei akuten und chronischen Schmerzen (z.B. Arthrose), bei hypertrophen und hypotrophen Muskeln.\u00a0<\/p><p>Bei der Behandlung ist ein leichtes Kribbeln zu sp\u00fcren, was die meisten Tiere aber als angenehm empfinden. Die Dauer der Anwendung betr\u00e4gt meist 20-30 min.\u00a0<\/p><p>Die TENS-Therapie sollte nicht angewendet werden bei Herzproblemen, Thrombosen und Epilepsie.<\/p><p>Die Elektroden haften nur auf kurzem Fell, bitte beachte daher, dass bei langem Fell die entsprechende Stelle rasiert werden muss.\u00a0<\/p>\t\t\t\t\t\t\t\t<\/div>\n\t\t\t\t<\/div>\n\t\t\t\t\t<\/div>\n\t\t<\/div>\n\t\t\t\t\t<\/div>\n\t\t<\/section>\n\t\t\t\t<\/div>\n\t\t","protected":false},"excerpt":{"rendered":"<p>TENS steht f\u00fcr Transkutane Elektrische Nerven-Stimulation. Dabei werden \u00fcber Elektroden sanfte elektrische Impulse auf die Haut und das Nervensystem \u00fcbertragen. Dort blockieren sie den Schmerz, indem sie verhindern, dass er vom Entstehungsbereich aus das Gehirn erreicht. Zudem wird die Produktion von Endorphinen (Gl\u00fcckshormonen) angeregt, welche eine schmerzstillende Wirkung haben. Au\u00dferdem wird die Muskelkontraktion angeregt und [&hellip;]<\/p>\n","protected":false},"author":1,"featured_media":0,"parent":0,"menu_order":0,"comment_status":"closed","ping_status":"closed","template":"","meta":{"footnotes":""},"class_list":["post-140","page","type-page","status-publish","hentry","post-preview"],"yoast_head":"<!-- This site is optimized with the Yoast SEO plugin v26.3 - https:\/\/yoast.com\/wordpress\/plugins\/seo\/ -->\n<title>TENS-Therapie - Tiertherapie Alexandra D\u00f6hla<\/title>\n<meta name=\"robots\" content=\"index, follow, max-snippet:-1, max-image-preview:large, max-video-preview:-1\" \/>\n<link rel=\"canonical\" href=\"http:\/\/tiertherapie-doehla.de\/?page_id=140\" \/>\n<meta property=\"og:locale\" content=\"de_DE\" \/>\n<meta property=\"og:type\" content=\"article\" \/>\n<meta property=\"og:title\" content=\"TENS-Therapie - Tiertherapie Alexandra D\u00f6hla\" \/>\n<meta property=\"og:description\" content=\"TENS steht f\u00fcr Transkutane Elektrische Nerven-Stimulation. Dabei werden \u00fcber Elektroden sanfte elektrische Impulse auf die Haut und das Nervensystem \u00fcbertragen. Dort blockieren sie den Schmerz, indem sie verhindern, dass er vom Entstehungsbereich aus das Gehirn erreicht. Zudem wird die Produktion von Endorphinen (Gl\u00fcckshormonen) angeregt, welche eine schmerzstillende Wirkung haben. Au\u00dferdem wird die Muskelkontraktion angeregt und [&hellip;]\" \/>\n<meta property=\"og:url\" content=\"http:\/\/tiertherapie-doehla.de\/?page_id=140\" \/>\n<meta property=\"og:site_name\" content=\"Tiertherapie Alexandra D\u00f6hla\" \/>\n<meta property=\"article:modified_time\" content=\"2023-06-17T09:31:11+00:00\" \/>\n<meta property=\"og:image\" content=\"http:\/\/tiertherapie-doehla.de\/wp-content\/uploads\/2023\/04\/IMG_2001-min2-1024x682.jpeg\" \/>\n<meta name=\"twitter:card\" content=\"summary_large_image\" \/>\n<meta name=\"twitter:label1\" content=\"Gesch\u00e4tzte Lesezeit\" \/>\n\t<meta name=\"twitter:data1\" content=\"1\u00a0Minute\" \/>\n<script type=\"application\/ld+json\" class=\"yoast-schema-graph\">{\"@context\":\"https:\/\/schema.org\",\"@graph\":[{\"@type\":\"WebPage\",\"@id\":\"http:\/\/tiertherapie-doehla.de\/?page_id=140\",\"url\":\"http:\/\/tiertherapie-doehla.de\/?page_id=140\",\"name\":\"TENS-Therapie - Tiertherapie Alexandra D\u00f6hla\",\"isPartOf\":{\"@id\":\"https:\/\/tiertherapie-doehla.de\/#website\"},\"primaryImageOfPage\":{\"@id\":\"http:\/\/tiertherapie-doehla.de\/?page_id=140#primaryimage\"},\"image\":{\"@id\":\"http:\/\/tiertherapie-doehla.de\/?page_id=140#primaryimage\"},\"thumbnailUrl\":\"http:\/\/tiertherapie-doehla.de\/wp-content\/uploads\/2023\/04\/IMG_2001-min2-1024x682.jpeg\",\"datePublished\":\"2023-02-04T15:36:43+00:00\",\"dateModified\":\"2023-06-17T09:31:11+00:00\",\"breadcrumb\":{\"@id\":\"http:\/\/tiertherapie-doehla.de\/?page_id=140#breadcrumb\"},\"inLanguage\":\"de\",\"potentialAction\":[{\"@type\":\"ReadAction\",\"target\":[\"http:\/\/tiertherapie-doehla.de\/?page_id=140\"]}]},{\"@type\":\"ImageObject\",\"inLanguage\":\"de\",\"@id\":\"http:\/\/tiertherapie-doehla.de\/?page_id=140#primaryimage\",\"url\":\"http:\/\/tiertherapie-doehla.de\/wp-content\/uploads\/2023\/04\/IMG_2001-min2-1024x682.jpeg\",\"contentUrl\":\"http:\/\/tiertherapie-doehla.de\/wp-content\/uploads\/2023\/04\/IMG_2001-min2-1024x682.jpeg\"},{\"@type\":\"BreadcrumbList\",\"@id\":\"http:\/\/tiertherapie-doehla.de\/?page_id=140#breadcrumb\",\"itemListElement\":[{\"@type\":\"ListItem\",\"position\":1,\"name\":\"Startseite\",\"item\":\"https:\/\/tiertherapie-doehla.de\/\"},{\"@type\":\"ListItem\",\"position\":2,\"name\":\"TENS-Therapie\"}]},{\"@type\":\"WebSite\",\"@id\":\"https:\/\/tiertherapie-doehla.de\/#website\",\"url\":\"https:\/\/tiertherapie-doehla.de\/\",\"name\":\"Tiertherapie Alexandra D\u00f6hla\",\"description\":\"Physiotherapie f\u00fcr Pferde und Hunde\",\"publisher\":{\"@id\":\"https:\/\/tiertherapie-doehla.de\/#\/schema\/person\/2664bc569e262b2f58c68a413d9a1004\"},\"potentialAction\":[{\"@type\":\"SearchAction\",\"target\":{\"@type\":\"EntryPoint\",\"urlTemplate\":\"https:\/\/tiertherapie-doehla.de\/?s={search_term_string}\"},\"query-input\":{\"@type\":\"PropertyValueSpecification\",\"valueRequired\":true,\"valueName\":\"search_term_string\"}}],\"inLanguage\":\"de\"},{\"@type\":[\"Person\",\"Organization\"],\"@id\":\"https:\/\/tiertherapie-doehla.de\/#\/schema\/person\/2664bc569e262b2f58c68a413d9a1004\",\"name\":\"admin\",\"image\":{\"@type\":\"ImageObject\",\"inLanguage\":\"de\",\"@id\":\"https:\/\/tiertherapie-doehla.de\/#\/schema\/person\/image\/\",\"url\":\"https:\/\/tiertherapie-doehla.de\/wp-content\/uploads\/2023\/02\/Logo-min-1.jpg\",\"contentUrl\":\"https:\/\/tiertherapie-doehla.de\/wp-content\/uploads\/2023\/02\/Logo-min-1.jpg\",\"width\":500,\"height\":500,\"caption\":\"admin\"},\"logo\":{\"@id\":\"https:\/\/tiertherapie-doehla.de\/#\/schema\/person\/image\/\"},\"sameAs\":[\"http:\/\/tiertherapie-doehla.de\"]}]}<\/script>\n<!-- \/ Yoast SEO plugin. -->","yoast_head_json":{"title":"TENS-Therapie - Tiertherapie Alexandra D\u00f6hla","robots":{"index":"index","follow":"follow","max-snippet":"max-snippet:-1","max-image-preview":"max-image-preview:large","max-video-preview":"max-video-preview:-1"},"canonical":"http:\/\/tiertherapie-doehla.de\/?page_id=140","og_locale":"de_DE","og_type":"article","og_title":"TENS-Therapie - Tiertherapie Alexandra D\u00f6hla","og_description":"TENS steht f\u00fcr Transkutane Elektrische Nerven-Stimulation. Dabei werden \u00fcber Elektroden sanfte elektrische Impulse auf die Haut und das Nervensystem \u00fcbertragen. Dort blockieren sie den Schmerz, indem sie verhindern, dass er vom Entstehungsbereich aus das Gehirn erreicht. Zudem wird die Produktion von Endorphinen (Gl\u00fcckshormonen) angeregt, welche eine schmerzstillende Wirkung haben. Au\u00dferdem wird die Muskelkontraktion angeregt und [&hellip;]","og_url":"http:\/\/tiertherapie-doehla.de\/?page_id=140","og_site_name":"Tiertherapie Alexandra D\u00f6hla","article_modified_time":"2023-06-17T09:31:11+00:00","og_image":[{"url":"http:\/\/tiertherapie-doehla.de\/wp-content\/uploads\/2023\/04\/IMG_2001-min2-1024x682.jpeg","type":"","width":"","height":""}],"twitter_card":"summary_large_image","twitter_misc":{"Gesch\u00e4tzte Lesezeit":"1\u00a0Minute"},"schema":{"@context":"https:\/\/schema.org","@graph":[{"@type":"WebPage","@id":"http:\/\/tiertherapie-doehla.de\/?page_id=140","url":"http:\/\/tiertherapie-doehla.de\/?page_id=140","name":"TENS-Therapie - Tiertherapie Alexandra D\u00f6hla","isPartOf":{"@id":"https:\/\/tiertherapie-doehla.de\/#website"},"primaryImageOfPage":{"@id":"http:\/\/tiertherapie-doehla.de\/?page_id=140#primaryimage"},"image":{"@id":"http:\/\/tiertherapie-doehla.de\/?page_id=140#primaryimage"},"thumbnailUrl":"http:\/\/tiertherapie-doehla.de\/wp-content\/uploads\/2023\/04\/IMG_2001-min2-1024x682.jpeg","datePublished":"2023-02-04T15:36:43+00:00","dateModified":"2023-06-17T09:31:11+00:00","breadcrumb":{"@id":"http:\/\/tiertherapie-doehla.de\/?page_id=140#breadcrumb"},"inLanguage":"de","potentialAction":[{"@type":"ReadAction","target":["http:\/\/tiertherapie-doehla.de\/?page_id=140"]}]},{"@type":"ImageObject","inLanguage":"de","@id":"http:\/\/tiertherapie-doehla.de\/?page_id=140#primaryimage","url":"http:\/\/tiertherapie-doehla.de\/wp-content\/uploads\/2023\/04\/IMG_2001-min2-1024x682.jpeg","contentUrl":"http:\/\/tiertherapie-doehla.de\/wp-content\/uploads\/2023\/04\/IMG_2001-min2-1024x682.jpeg"},{"@type":"BreadcrumbList","@id":"http:\/\/tiertherapie-doehla.de\/?page_id=140#breadcrumb","itemListElement":[{"@type":"ListItem","position":1,"name":"Startseite","item":"https:\/\/tiertherapie-doehla.de\/"},{"@type":"ListItem","position":2,"name":"TENS-Therapie"}]},{"@type":"WebSite","@id":"https:\/\/tiertherapie-doehla.de\/#website","url":"https:\/\/tiertherapie-doehla.de\/","name":"Tiertherapie Alexandra D\u00f6hla","description":"Physiotherapie f\u00fcr Pferde und Hunde","publisher":{"@id":"https:\/\/tiertherapie-doehla.de\/#\/schema\/person\/2664bc569e262b2f58c68a413d9a1004"},"potentialAction":[{"@type":"SearchAction","target":{"@type":"EntryPoint","urlTemplate":"https:\/\/tiertherapie-doehla.de\/?s={search_term_string}"},"query-input":{"@type":"PropertyValueSpecification","valueRequired":true,"valueName":"search_term_string"}}],"inLanguage":"de"},{"@type":["Person","Organization"],"@id":"https:\/\/tiertherapie-doehla.de\/#\/schema\/person\/2664bc569e262b2f58c68a413d9a1004","name":"admin","image":{"@type":"ImageObject","inLanguage":"de","@id":"https:\/\/tiertherapie-doehla.de\/#\/schema\/person\/image\/","url":"https:\/\/tiertherapie-doehla.de\/wp-content\/uploads\/2023\/02\/Logo-min-1.jpg","contentUrl":"https:\/\/tiertherapie-doehla.de\/wp-content\/uploads\/2023\/02\/Logo-min-1.jpg","width":500,"height":500,"caption":"admin"},"logo":{"@id":"https:\/\/tiertherapie-doehla.de\/#\/schema\/person\/image\/"},"sameAs":["http:\/\/tiertherapie-doehla.de"]}]}},"_links":{"self":[{"href":"https:\/\/tiertherapie-doehla.de\/index.php?rest_route=\/wp\/v2\/pages\/140","targetHints":{"allow":["GET"]}}],"collection":[{"href":"https:\/\/tiertherapie-doehla.de\/index.php?rest_route=\/wp\/v2\/pages"}],"about":[{"href":"https:\/\/tiertherapie-doehla.de\/index.php?rest_route=\/wp\/v2\/types\/page"}],"author":[{"embeddable":true,"href":"https:\/\/tiertherapie-doehla.de\/index.php?rest_route=\/wp\/v2\/users\/1"}],"replies":[{"embeddable":true,"href":"https:\/\/tiertherapie-doehla.de\/index.php?rest_route=%2Fwp%2Fv2%2Fcomments&post=140"}],"version-history":[{"count":22,"href":"https:\/\/tiertherapie-doehla.de\/index.php?rest_route=\/wp\/v2\/pages\/140\/revisions"}],"predecessor-version":[{"id":806,"href":"https:\/\/tiertherapie-doehla.de\/index.php?rest_route=\/wp\/v2\/pages\/140\/revisions\/806"}],"wp:attachment":[{"href":"https:\/\/tiertherapie-doehla.de\/index.php?rest_route=%2Fwp%2Fv2%2Fmedia&parent=140"}],"curies":[{"name":"wp","href":"https:\/\/api.w.org\/{rel}","templated":true}]}}