{"id":162,"date":"2023-02-04T15:42:57","date_gmt":"2023-02-04T15:42:57","guid":{"rendered":"http:\/\/tiertherapie-doehla.de\/?page_id=162"},"modified":"2023-05-25T11:48:04","modified_gmt":"2023-05-25T11:48:04","slug":"was-gibt-es-zu-beachten","status":"publish","type":"page","link":"https:\/\/tiertherapie-doehla.de\/?page_id=162","title":{"rendered":"Was gibt es zu beachten?"},"content":{"rendered":"\t\t<div data-elementor-type=\"wp-page\" data-elementor-id=\"162\" class=\"elementor elementor-162\" data-elementor-post-type=\"page\">\n\t\t\t\t\t\t<section class=\"elementor-section elementor-top-section elementor-element elementor-element-b91025a elementor-section-stretched elementor-section-boxed elementor-section-height-default elementor-section-height-default\" data-id=\"b91025a\" data-element_type=\"section\" data-settings=\"{&quot;stretch_section&quot;:&quot;section-stretched&quot;}\">\n\t\t\t\t\t\t<div class=\"elementor-container elementor-column-gap-default\">\n\t\t\t\t\t<div class=\"elementor-column elementor-col-100 elementor-top-column elementor-element elementor-element-79c89e5\" data-id=\"79c89e5\" data-element_type=\"column\">\n\t\t\t<div class=\"elementor-widget-wrap elementor-element-populated\">\n\t\t\t\t\t\t<div class=\"elementor-element elementor-element-67ec85a elementor-widget elementor-widget-text-editor\" data-id=\"67ec85a\" data-element_type=\"widget\" data-widget_type=\"text-editor.default\">\n\t\t\t\t<div class=\"elementor-widget-container\">\n\t\t\t\t\t\t\t\t\t<p><strong><span style=\"text-decoration: underline;\">Vor der Behandlung:<\/span><\/strong><\/p><p>Bitte sorge zur Behandlung f\u00fcr eine ruhige Umgebung mit m\u00f6glichst wenig Ablenkung, in der das Tier entspannen kann.\u00a0<\/p><p>Das Tier sollte idealerweise nicht unmittelbar vor der Behandlung gefressen haben, besonders bei Hunden ist es mir wichtig, dass der Hund vorher mindestens eine Stunde Fresspause hatte.<\/p><p>Bitte teile mir mit, wenn dein Tier an bestimmten Stellen nicht gerne angefasst wird oder irgendwo empfindlich reagiert, damit ich das ber\u00fccksichtigen kann und die Behandlung f\u00fcr das Tier angenehm wird.\u00a0<\/p><p>Hunde sollten vor der Behandlung die M\u00f6glichkeit haben, sich zu l\u00f6sen.<\/p><p>Wenn das Tier Medikamente bekommt, insbesondere Schmerzmittel, muss ich das wissen. Au\u00dferdem sollte ich \u00fcber bestehende oder vorhergehende Erkrankungen informiert werden. Wenn Befunde und z.B. Blut- oder R\u00f6ntgenbilder vorliegen, kannst du mir diese gerne zukommen lassen.<\/p><p>Idealerweise stellst du mir dein Tier &#8222;kalt&#8220; vor, also ohne, dass es vorher schon gro\u00df bewegt wurde, sodass ich eine realistische Ganganalyse machen kann, bei der das Tier noch nicht warmgelaufen ist.<\/p><p>\u00a0<\/p><p><strong><span style=\"text-decoration: underline;\">Nach der Behandlung:<\/span><\/strong><\/p><p>Direkt nach der Behandlung kannst du mit deinem Tier ca. 15 min im Schritt auf leicht federndem, nicht zu hartem Boden spazieren gehen, um dem folgenden Muskelkater etwas entgegenzuwirken.<\/p><p>Das Tier sollte in den folgenden zwei Tagen nach der Behandlung geschont werden, damit es sich an das neue K\u00f6rpergef\u00fchl gew\u00f6hnen kann und um Muskelkater auszukurieren. Pferde sollten zwei Tage lang nicht geritten werden. Leichte Bewegung ist aber gut und sinnvoll!<\/p><p>Es kann auch sein, dass das Tier in den ersten ein bis zwei Tagen nach der Behandlung etwas m\u00fcde und lustlos wirkt und mitunter etwas schlechter l\u00e4uft. Das ist dem Muskelkater geschuldet und sollte nach sp\u00e4testens zwei Tagen wieder verflogen sein!\u00a0<\/p><p>Umgekehrt kann es auch sein, dass das Tier durch die pl\u00f6tzliche Schmerzfreiheit durch die Behandlung &#8222;wilder&#8220; und bewegungsfreudiger wird &#8211; sei deshalb etwas vorsichtig, wenn du dich nach der Physio das erste Mal wieder auf das Pferd setzt, es kann der ein oder andere Buckler dabei sein.\u00a0<\/p>\t\t\t\t\t\t\t\t<\/div>\n\t\t\t\t<\/div>\n\t\t\t\t\t<\/div>\n\t\t<\/div>\n\t\t\t\t\t<\/div>\n\t\t<\/section>\n\t\t\t\t<\/div>\n\t\t","protected":false},"excerpt":{"rendered":"<p>Vor der Behandlung: Bitte sorge zur Behandlung f\u00fcr eine ruhige Umgebung mit m\u00f6glichst wenig Ablenkung, in der das Tier entspannen kann.\u00a0 Das Tier sollte idealerweise nicht unmittelbar vor der Behandlung gefressen haben, besonders bei Hunden ist es mir wichtig, dass der Hund vorher mindestens eine Stunde Fresspause hatte. Bitte teile mir mit, wenn dein Tier [&hellip;]<\/p>\n","protected":false},"author":1,"featured_media":0,"parent":0,"menu_order":0,"comment_status":"closed","ping_status":"closed","template":"","meta":{"footnotes":""},"class_list":["post-162","page","type-page","status-publish","hentry","post-preview"],"yoast_head":"<!-- This site is optimized with the Yoast SEO plugin v26.3 - https:\/\/yoast.com\/wordpress\/plugins\/seo\/ -->\n<title>Was gibt es zu beachten? - Tiertherapie Alexandra D\u00f6hla<\/title>\n<meta name=\"robots\" content=\"index, follow, max-snippet:-1, max-image-preview:large, max-video-preview:-1\" \/>\n<link rel=\"canonical\" href=\"http:\/\/tiertherapie-doehla.de\/?page_id=162\" \/>\n<meta property=\"og:locale\" content=\"de_DE\" \/>\n<meta property=\"og:type\" content=\"article\" \/>\n<meta property=\"og:title\" content=\"Was gibt es zu beachten? - Tiertherapie Alexandra D\u00f6hla\" \/>\n<meta property=\"og:description\" content=\"Vor der Behandlung: Bitte sorge zur Behandlung f\u00fcr eine ruhige Umgebung mit m\u00f6glichst wenig Ablenkung, in der das Tier entspannen kann.\u00a0 Das Tier sollte idealerweise nicht unmittelbar vor der Behandlung gefressen haben, besonders bei Hunden ist es mir wichtig, dass der Hund vorher mindestens eine Stunde Fresspause hatte. Bitte teile mir mit, wenn dein Tier [&hellip;]\" \/>\n<meta property=\"og:url\" content=\"http:\/\/tiertherapie-doehla.de\/?page_id=162\" \/>\n<meta property=\"og:site_name\" content=\"Tiertherapie Alexandra D\u00f6hla\" \/>\n<meta property=\"article:modified_time\" content=\"2023-05-25T11:48:04+00:00\" \/>\n<meta property=\"og:image\" content=\"https:\/\/tiertherapie-doehla.de\/wp-content\/uploads\/2023\/02\/Logo-min.jpg\" \/>\n\t<meta property=\"og:image:width\" content=\"500\" \/>\n\t<meta property=\"og:image:height\" content=\"500\" \/>\n\t<meta property=\"og:image:type\" content=\"image\/jpeg\" \/>\n<meta name=\"twitter:card\" content=\"summary_large_image\" \/>\n<meta name=\"twitter:label1\" content=\"Gesch\u00e4tzte Lesezeit\" \/>\n\t<meta name=\"twitter:data1\" content=\"2\u00a0Minuten\" \/>\n<script type=\"application\/ld+json\" class=\"yoast-schema-graph\">{\"@context\":\"https:\/\/schema.org\",\"@graph\":[{\"@type\":\"WebPage\",\"@id\":\"http:\/\/tiertherapie-doehla.de\/?page_id=162\",\"url\":\"http:\/\/tiertherapie-doehla.de\/?page_id=162\",\"name\":\"Was gibt es zu beachten? - Tiertherapie Alexandra D\u00f6hla\",\"isPartOf\":{\"@id\":\"https:\/\/tiertherapie-doehla.de\/#website\"},\"datePublished\":\"2023-02-04T15:42:57+00:00\",\"dateModified\":\"2023-05-25T11:48:04+00:00\",\"breadcrumb\":{\"@id\":\"http:\/\/tiertherapie-doehla.de\/?page_id=162#breadcrumb\"},\"inLanguage\":\"de\",\"potentialAction\":[{\"@type\":\"ReadAction\",\"target\":[\"http:\/\/tiertherapie-doehla.de\/?page_id=162\"]}]},{\"@type\":\"BreadcrumbList\",\"@id\":\"http:\/\/tiertherapie-doehla.de\/?page_id=162#breadcrumb\",\"itemListElement\":[{\"@type\":\"ListItem\",\"position\":1,\"name\":\"Startseite\",\"item\":\"https:\/\/tiertherapie-doehla.de\/\"},{\"@type\":\"ListItem\",\"position\":2,\"name\":\"Was gibt es zu beachten?\"}]},{\"@type\":\"WebSite\",\"@id\":\"https:\/\/tiertherapie-doehla.de\/#website\",\"url\":\"https:\/\/tiertherapie-doehla.de\/\",\"name\":\"Tiertherapie Alexandra D\u00f6hla\",\"description\":\"Physiotherapie f\u00fcr Pferde und Hunde\",\"publisher\":{\"@id\":\"https:\/\/tiertherapie-doehla.de\/#\/schema\/person\/2664bc569e262b2f58c68a413d9a1004\"},\"potentialAction\":[{\"@type\":\"SearchAction\",\"target\":{\"@type\":\"EntryPoint\",\"urlTemplate\":\"https:\/\/tiertherapie-doehla.de\/?s={search_term_string}\"},\"query-input\":{\"@type\":\"PropertyValueSpecification\",\"valueRequired\":true,\"valueName\":\"search_term_string\"}}],\"inLanguage\":\"de\"},{\"@type\":[\"Person\",\"Organization\"],\"@id\":\"https:\/\/tiertherapie-doehla.de\/#\/schema\/person\/2664bc569e262b2f58c68a413d9a1004\",\"name\":\"admin\",\"image\":{\"@type\":\"ImageObject\",\"inLanguage\":\"de\",\"@id\":\"https:\/\/tiertherapie-doehla.de\/#\/schema\/person\/image\/\",\"url\":\"https:\/\/tiertherapie-doehla.de\/wp-content\/uploads\/2023\/02\/Logo-min-1.jpg\",\"contentUrl\":\"https:\/\/tiertherapie-doehla.de\/wp-content\/uploads\/2023\/02\/Logo-min-1.jpg\",\"width\":500,\"height\":500,\"caption\":\"admin\"},\"logo\":{\"@id\":\"https:\/\/tiertherapie-doehla.de\/#\/schema\/person\/image\/\"},\"sameAs\":[\"http:\/\/tiertherapie-doehla.de\"]}]}<\/script>\n<!-- \/ Yoast SEO plugin. -->","yoast_head_json":{"title":"Was gibt es zu beachten? - Tiertherapie Alexandra D\u00f6hla","robots":{"index":"index","follow":"follow","max-snippet":"max-snippet:-1","max-image-preview":"max-image-preview:large","max-video-preview":"max-video-preview:-1"},"canonical":"http:\/\/tiertherapie-doehla.de\/?page_id=162","og_locale":"de_DE","og_type":"article","og_title":"Was gibt es zu beachten? - Tiertherapie Alexandra D\u00f6hla","og_description":"Vor der Behandlung: Bitte sorge zur Behandlung f\u00fcr eine ruhige Umgebung mit m\u00f6glichst wenig Ablenkung, in der das Tier entspannen kann.\u00a0 Das Tier sollte idealerweise nicht unmittelbar vor der Behandlung gefressen haben, besonders bei Hunden ist es mir wichtig, dass der Hund vorher mindestens eine Stunde Fresspause hatte. Bitte teile mir mit, wenn dein Tier [&hellip;]","og_url":"http:\/\/tiertherapie-doehla.de\/?page_id=162","og_site_name":"Tiertherapie Alexandra D\u00f6hla","article_modified_time":"2023-05-25T11:48:04+00:00","og_image":[{"width":500,"height":500,"url":"https:\/\/tiertherapie-doehla.de\/wp-content\/uploads\/2023\/02\/Logo-min.jpg","type":"image\/jpeg"}],"twitter_card":"summary_large_image","twitter_misc":{"Gesch\u00e4tzte Lesezeit":"2\u00a0Minuten"},"schema":{"@context":"https:\/\/schema.org","@graph":[{"@type":"WebPage","@id":"http:\/\/tiertherapie-doehla.de\/?page_id=162","url":"http:\/\/tiertherapie-doehla.de\/?page_id=162","name":"Was gibt es zu beachten? - Tiertherapie Alexandra D\u00f6hla","isPartOf":{"@id":"https:\/\/tiertherapie-doehla.de\/#website"},"datePublished":"2023-02-04T15:42:57+00:00","dateModified":"2023-05-25T11:48:04+00:00","breadcrumb":{"@id":"http:\/\/tiertherapie-doehla.de\/?page_id=162#breadcrumb"},"inLanguage":"de","potentialAction":[{"@type":"ReadAction","target":["http:\/\/tiertherapie-doehla.de\/?page_id=162"]}]},{"@type":"BreadcrumbList","@id":"http:\/\/tiertherapie-doehla.de\/?page_id=162#breadcrumb","itemListElement":[{"@type":"ListItem","position":1,"name":"Startseite","item":"https:\/\/tiertherapie-doehla.de\/"},{"@type":"ListItem","position":2,"name":"Was gibt es zu beachten?"}]},{"@type":"WebSite","@id":"https:\/\/tiertherapie-doehla.de\/#website","url":"https:\/\/tiertherapie-doehla.de\/","name":"Tiertherapie Alexandra D\u00f6hla","description":"Physiotherapie f\u00fcr Pferde und Hunde","publisher":{"@id":"https:\/\/tiertherapie-doehla.de\/#\/schema\/person\/2664bc569e262b2f58c68a413d9a1004"},"potentialAction":[{"@type":"SearchAction","target":{"@type":"EntryPoint","urlTemplate":"https:\/\/tiertherapie-doehla.de\/?s={search_term_string}"},"query-input":{"@type":"PropertyValueSpecification","valueRequired":true,"valueName":"search_term_string"}}],"inLanguage":"de"},{"@type":["Person","Organization"],"@id":"https:\/\/tiertherapie-doehla.de\/#\/schema\/person\/2664bc569e262b2f58c68a413d9a1004","name":"admin","image":{"@type":"ImageObject","inLanguage":"de","@id":"https:\/\/tiertherapie-doehla.de\/#\/schema\/person\/image\/","url":"https:\/\/tiertherapie-doehla.de\/wp-content\/uploads\/2023\/02\/Logo-min-1.jpg","contentUrl":"https:\/\/tiertherapie-doehla.de\/wp-content\/uploads\/2023\/02\/Logo-min-1.jpg","width":500,"height":500,"caption":"admin"},"logo":{"@id":"https:\/\/tiertherapie-doehla.de\/#\/schema\/person\/image\/"},"sameAs":["http:\/\/tiertherapie-doehla.de"]}]}},"_links":{"self":[{"href":"https:\/\/tiertherapie-doehla.de\/index.php?rest_route=\/wp\/v2\/pages\/162","targetHints":{"allow":["GET"]}}],"collection":[{"href":"https:\/\/tiertherapie-doehla.de\/index.php?rest_route=\/wp\/v2\/pages"}],"about":[{"href":"https:\/\/tiertherapie-doehla.de\/index.php?rest_route=\/wp\/v2\/types\/page"}],"author":[{"embeddable":true,"href":"https:\/\/tiertherapie-doehla.de\/index.php?rest_route=\/wp\/v2\/users\/1"}],"replies":[{"embeddable":true,"href":"https:\/\/tiertherapie-doehla.de\/index.php?rest_route=%2Fwp%2Fv2%2Fcomments&post=162"}],"version-history":[{"count":31,"href":"https:\/\/tiertherapie-doehla.de\/index.php?rest_route=\/wp\/v2\/pages\/162\/revisions"}],"predecessor-version":[{"id":764,"href":"https:\/\/tiertherapie-doehla.de\/index.php?rest_route=\/wp\/v2\/pages\/162\/revisions\/764"}],"wp:attachment":[{"href":"https:\/\/tiertherapie-doehla.de\/index.php?rest_route=%2Fwp%2Fv2%2Fmedia&parent=162"}],"curies":[{"name":"wp","href":"https:\/\/api.w.org\/{rel}","templated":true}]}}